{"id":126,"date":"2023-09-02T16:19:24","date_gmt":"2023-09-02T14:19:24","guid":{"rendered":"http:\/\/eines-informatiques.recursos.uoc.edu\/workflows\/?page_id=126"},"modified":"2023-09-02T16:19:24","modified_gmt":"2023-09-02T14:19:24","slug":"actividades","status":"publish","type":"page","link":"http:\/\/eines-informatiques.recursos.uoc.edu\/workflows\/es\/actividades\/","title":{"rendered":"Actividades"},"content":{"rendered":"<ol>\n<li>Cread un <em>script<\/em> Nextflow que transforme la palabra \u00abHOLA\u00bb (en may\u00fasculas) a toda en min\u00fasculas.<\/li>\n<li>Modificad a trav\u00e9s de la llamada del <em>script<\/em> la palabra \u00abHOLA\u00bb por \u00abCIAO\u00bb.<\/li>\n<li>Introducid un nuevo proceso que sustituya la <em>A<\/em> por un 4.<\/li>\n<li>Cread un <em>script<\/em> con dos canales <em>of<\/em> y un proceso que sume los valores de cada canal e imprima la operaci\u00f3n realizada.<\/li>\n<li>Buscad y bajaos un <em>workflow<\/em> a trav\u00e9s de <em>nf-core<\/em>.<\/li>\n<\/ol>\n","protected":false},"excerpt":{"rendered":"<p>Cread un script Nextflow que transforme la palabra \u00abHOLA\u00bb (en may\u00fasculas) a toda en min\u00fasculas. Modificad a trav\u00e9s de la llamada del script la palabra \u00abHOLA\u00bb por \u00abCIAO\u00bb. Introducid un nuevo proceso que sustituya la A por un 4. Cread un script con dos canales of y un proceso que sume los valores de cada [&hellip;]<\/p>\n","protected":false},"author":1,"featured_media":0,"parent":0,"menu_order":0,"comment_status":"closed","ping_status":"closed","template":"","meta":[],"acf":[],"_links":{"self":[{"href":"http:\/\/eines-informatiques.recursos.uoc.edu\/workflows\/es\/wp-json\/wp\/v2\/pages\/126"}],"collection":[{"href":"http:\/\/eines-informatiques.recursos.uoc.edu\/workflows\/es\/wp-json\/wp\/v2\/pages"}],"about":[{"href":"http:\/\/eines-informatiques.recursos.uoc.edu\/workflows\/es\/wp-json\/wp\/v2\/types\/page"}],"author":[{"embeddable":true,"href":"http:\/\/eines-informatiques.recursos.uoc.edu\/workflows\/es\/wp-json\/wp\/v2\/users\/1"}],"replies":[{"embeddable":true,"href":"http:\/\/eines-informatiques.recursos.uoc.edu\/workflows\/es\/wp-json\/wp\/v2\/comments?post=126"}],"version-history":[{"count":1,"href":"http:\/\/eines-informatiques.recursos.uoc.edu\/workflows\/es\/wp-json\/wp\/v2\/pages\/126\/revisions"}],"predecessor-version":[{"id":127,"href":"http:\/\/eines-informatiques.recursos.uoc.edu\/workflows\/es\/wp-json\/wp\/v2\/pages\/126\/revisions\/127"}],"wp:attachment":[{"href":"http:\/\/eines-informatiques.recursos.uoc.edu\/workflows\/es\/wp-json\/wp\/v2\/media?parent=126"}],"curies":[{"name":"wp","href":"https:\/\/api.w.org\/{rel}","templated":true}]}}