{"id":122,"date":"2023-09-02T16:18:22","date_gmt":"2023-09-02T14:18:22","guid":{"rendered":"http:\/\/eines-informatiques.recursos.uoc.edu\/workflows\/?page_id=122"},"modified":"2023-10-10T12:47:21","modified_gmt":"2023-10-10T10:47:21","slug":"resumen","status":"publish","type":"page","link":"http:\/\/eines-informatiques.recursos.uoc.edu\/workflows\/es\/resumen\/","title":{"rendered":"Resumen"},"content":{"rendered":"<p>En este m\u00f3dulo hemos dado una breve pincelada a los Workflow Managers y en especial a Nextflow. Para aumentar el control de los entornos en los cuales se computan los an\u00e1lisis es imprescindible utilizar Workflow Managers, y a poder ser, conjuntamente con entornos tipo Conda o contenedores, como hemos visto en cap\u00edtulos anteriores. La utilizaci\u00f3n de este tipo de herramientas permite la portabilidad a cualquier entorno de computaci\u00f3n y la implementaci\u00f3n de <em>pipelines<\/em> generados por otros grupos de una manera \u00e1gil y sencilla. La modularizaci\u00f3n de los procesos permite que su actualizaci\u00f3n pueda ser din\u00e1mica y que la introducci\u00f3n de c\u00f3digo generado por otros programadores no interfiera en otras partes del proceso. La versatilidad de opciones de los Workflow Managers permite un control preciso de todo el proceso, a veces en detrimento de su curva de aprendizaje. La diversidad de Workflow Managers que actualmente tenemos permite poder escoger el ecosistema en que nos encontremos m\u00e1s confortables, variando desde entornos muy visuales tipo Galaxy a otros enteramente program\u00e1ticos. Es importante llegar a un compromiso entre el aprendizaje necesario para entender el funcionamiento de un <em>workflow<\/em> espec\u00edfico y las herramientas que este nos permite controlar. Finalmente, a la hora de escoger vuestro Workflow Manager se debe tener en cuenta la potencial interoperabilidad. En entornos colaborativos es imprescindible la reproducibilidad de procesos y la compartici\u00f3n de c\u00f3digo para poder seguir los principios FAIR de los datos.<\/p>\n","protected":false},"excerpt":{"rendered":"<p>En este m\u00f3dulo hemos dado una breve pincelada a los Workflow Managers y en especial a Nextflow. Para aumentar el control de los entornos en los cuales se computan los an\u00e1lisis es imprescindible utilizar Workflow Managers, y a poder ser, conjuntamente con entornos tipo Conda o contenedores, como hemos visto en cap\u00edtulos anteriores. La utilizaci\u00f3n [&hellip;]<\/p>\n","protected":false},"author":1,"featured_media":0,"parent":0,"menu_order":0,"comment_status":"closed","ping_status":"closed","template":"","meta":[],"acf":[],"_links":{"self":[{"href":"http:\/\/eines-informatiques.recursos.uoc.edu\/workflows\/es\/wp-json\/wp\/v2\/pages\/122"}],"collection":[{"href":"http:\/\/eines-informatiques.recursos.uoc.edu\/workflows\/es\/wp-json\/wp\/v2\/pages"}],"about":[{"href":"http:\/\/eines-informatiques.recursos.uoc.edu\/workflows\/es\/wp-json\/wp\/v2\/types\/page"}],"author":[{"embeddable":true,"href":"http:\/\/eines-informatiques.recursos.uoc.edu\/workflows\/es\/wp-json\/wp\/v2\/users\/1"}],"replies":[{"embeddable":true,"href":"http:\/\/eines-informatiques.recursos.uoc.edu\/workflows\/es\/wp-json\/wp\/v2\/comments?post=122"}],"version-history":[{"count":2,"href":"http:\/\/eines-informatiques.recursos.uoc.edu\/workflows\/es\/wp-json\/wp\/v2\/pages\/122\/revisions"}],"predecessor-version":[{"id":207,"href":"http:\/\/eines-informatiques.recursos.uoc.edu\/workflows\/es\/wp-json\/wp\/v2\/pages\/122\/revisions\/207"}],"wp:attachment":[{"href":"http:\/\/eines-informatiques.recursos.uoc.edu\/workflows\/es\/wp-json\/wp\/v2\/media?parent=122"}],"curies":[{"name":"wp","href":"https:\/\/api.w.org\/{rel}","templated":true}]}}