{"id":795,"date":"2023-10-19T12:15:49","date_gmt":"2023-10-19T10:15:49","guid":{"rendered":"http:\/\/eines-informatiques.recursos.uoc.edu\/introduccion-a-los-entornos-de-trabajo-gnu-linux\/?page_id=795"},"modified":"2023-11-02T14:59:11","modified_gmt":"2023-11-02T12:59:11","slug":"resum","status":"publish","type":"page","link":"http:\/\/eines-informatiques.recursos.uoc.edu\/introduccion-a-los-entornos-de-trabajo-gnu-linux\/resum\/","title":{"rendered":"Resum"},"content":{"rendered":"<p>\u00abIntroducci\u00f3 als entorns de treball GNU\/Linux\u00bb \u00e9s un cap\u00edtol que ofereix una guia detallada per treballar en sistemes operatius basats en la filosofia GNU\/Linux. El llibre comen\u00e7a amb una introducci\u00f3 a la hist\u00f2ria i l\u2019evoluci\u00f3 de GNU\/Linux, i despr\u00e9s s\u2019endinsa en els conceptes b\u00e0sics del sistema operatiu. Al llarg del cap\u00edtol, es cobreixen temes com l\u2019estructura d\u2019arxius i directoris, les ordres i eines b\u00e0siques de GNU\/Linux, la gesti\u00f3 de processos i recursos, l\u2019automatitzaci\u00f3 de tasques i la programaci\u00f3 de <em>scripts<\/em> en la <em>shell<\/em>.<\/p>\n<p>A m\u00e9s, el cap\u00edtol aborda temes avan\u00e7ats, com l\u2019administraci\u00f3 d\u2019usuaris i permisos. Els estudiants aprenen a utilitzar eines com <em>vi<\/em> i <em>sed<\/em> per a l\u2019edici\u00f3 d\u2019arxius de text, i a gestionar el sistema operatiu a trav\u00e9s de la l\u00ednia d\u2019ordres.<\/p>\n<p>En finalitzar el cap\u00edtol, l\u2019estudiant pot manipular molts tipus d\u2019informaci\u00f3 de forma senzilla i eficient. Juntament amb aquest entorn de treball, l\u2019estudiant ha descobert que es t\u00e9 acc\u00e9s lliure a una gran quantitat de dades biol\u00f2giques que, en emmagatzemar localment en la pr\u00f2pia m\u00e0quina, s\u2019accelera el processament i es redueix el temps de c\u00e0lcul. En resum, aquest nucli d\u2019eines conforma una excel\u00b7lent aproximaci\u00f3 per extreure nou coneixement a partir de la informaci\u00f3 biol\u00f2gica disponible.<\/p>\n","protected":false},"excerpt":{"rendered":"<p>\u00abIntroducci\u00f3 als entorns de treball GNU\/Linux\u00bb \u00e9s un cap\u00edtol que ofereix una guia detallada per treballar en sistemes operatius basats en la filosofia GNU\/Linux. El llibre comen\u00e7a amb una introducci\u00f3 a la hist\u00f2ria i l\u2019evoluci\u00f3 de GNU\/Linux, i despr\u00e9s s\u2019endinsa en els conceptes b\u00e0sics del sistema operatiu. Al llarg del cap\u00edtol, es cobreixen temes com [&hellip;]<\/p>\n","protected":false},"author":1,"featured_media":0,"parent":0,"menu_order":0,"comment_status":"closed","ping_status":"closed","template":"","meta":[],"acf":[],"_links":{"self":[{"href":"http:\/\/eines-informatiques.recursos.uoc.edu\/introduccion-a-los-entornos-de-trabajo-gnu-linux\/wp-json\/wp\/v2\/pages\/795"}],"collection":[{"href":"http:\/\/eines-informatiques.recursos.uoc.edu\/introduccion-a-los-entornos-de-trabajo-gnu-linux\/wp-json\/wp\/v2\/pages"}],"about":[{"href":"http:\/\/eines-informatiques.recursos.uoc.edu\/introduccion-a-los-entornos-de-trabajo-gnu-linux\/wp-json\/wp\/v2\/types\/page"}],"author":[{"embeddable":true,"href":"http:\/\/eines-informatiques.recursos.uoc.edu\/introduccion-a-los-entornos-de-trabajo-gnu-linux\/wp-json\/wp\/v2\/users\/1"}],"replies":[{"embeddable":true,"href":"http:\/\/eines-informatiques.recursos.uoc.edu\/introduccion-a-los-entornos-de-trabajo-gnu-linux\/wp-json\/wp\/v2\/comments?post=795"}],"version-history":[{"count":4,"href":"http:\/\/eines-informatiques.recursos.uoc.edu\/introduccion-a-los-entornos-de-trabajo-gnu-linux\/wp-json\/wp\/v2\/pages\/795\/revisions"}],"predecessor-version":[{"id":988,"href":"http:\/\/eines-informatiques.recursos.uoc.edu\/introduccion-a-los-entornos-de-trabajo-gnu-linux\/wp-json\/wp\/v2\/pages\/795\/revisions\/988"}],"wp:attachment":[{"href":"http:\/\/eines-informatiques.recursos.uoc.edu\/introduccion-a-los-entornos-de-trabajo-gnu-linux\/wp-json\/wp\/v2\/media?parent=795"}],"curies":[{"name":"wp","href":"https:\/\/api.w.org\/{rel}","templated":true}]}}