{"id":775,"date":"2023-10-19T11:41:14","date_gmt":"2023-10-19T09:41:14","guid":{"rendered":"http:\/\/eines-informatiques.recursos.uoc.edu\/introduccion-a-los-entornos-de-trabajo-gnu-linux\/?page_id=775"},"modified":"2023-10-19T11:41:14","modified_gmt":"2023-10-19T09:41:14","slug":"1-17-1-introduccio","status":"publish","type":"page","link":"http:\/\/eines-informatiques.recursos.uoc.edu\/introduccion-a-los-entornos-de-trabajo-gnu-linux\/1-17-1-introduccio\/","title":{"rendered":"1.17.1. Introducci\u00f3"},"content":{"rendered":"<p>El navegador gen\u00f2mic UCSC \u00e9s una eina poderosa que permet als bioinform\u00e0tics visualitzar i analitzar dades gen\u00f2miques, inclosa l\u2019expressi\u00f3 g\u00e8nica, les variacions de seq\u00fc\u00e8ncia i les modificacions epigen\u00e8tiques. En dominar l\u2019\u00fas d\u2019aquest navegador i altres eines de bioinform\u00e0tica, els bioinform\u00e0tics poden contribuir a l\u2019aven\u00e7 de la recerca gen\u00f2mica, incl\u00f2s el desenvolupament de medicina personalitzada i el descobriment de nous objectius terap\u00e8utics.<\/p>\n<p>\u00c9s recomanable que un bioinform\u00e0tic s\u00e0piga analitzar el genoma hum\u00e0, especialment fent servir el navegador gen\u00f2mic UCSC. Per a aix\u00f2, \u00e9s habitual emprar arxius que contenen les seq\u00fc\u00e8ncies d\u2019ADN o de prote\u00efnes en format FASTA, o fitxers de text tabulat amb la ubicaci\u00f3 dels elements codificats en el seu interior.<\/p>\n<p>Amb l\u2019objectiu d\u2019aproximar l\u2019estudiant a un escenari amb una situaci\u00f3 realista, dins d\u2019un entorn bioinform\u00e0tic, se us proposa un exercici d\u2019an\u00e0lisi de genoma hum\u00e0 que es divideix en tres tipus d\u2019activitats:<\/p>\n<ol>\n<li>Desc\u00e0rrega i exploraci\u00f3 del genoma hum\u00e0.<\/li>\n<li>Desc\u00e0rrega i an\u00e0lisi del cat\u00e0leg de gens humans.<\/li>\n<li>Desc\u00e0rrega de les eines del navegador gen\u00f2mic.<\/li>\n<\/ol>\n<p>Fonamental i imprescindible per adquirir els coneixements necessaris per entendre un projecte bioinform\u00e0tic: reproduir cada etapa d\u2019aquest protocol d\u2019an\u00e0lisi en el vostre propi terminal.<\/p>\n","protected":false},"excerpt":{"rendered":"<p>El navegador gen\u00f2mic UCSC \u00e9s una eina poderosa que permet als bioinform\u00e0tics visualitzar i analitzar dades gen\u00f2miques, inclosa l\u2019expressi\u00f3 g\u00e8nica, les variacions de seq\u00fc\u00e8ncia i les modificacions epigen\u00e8tiques. En dominar l\u2019\u00fas d\u2019aquest navegador i altres eines de bioinform\u00e0tica, els bioinform\u00e0tics poden contribuir a l\u2019aven\u00e7 de la recerca gen\u00f2mica, incl\u00f2s el desenvolupament de medicina personalitzada i [&hellip;]<\/p>\n","protected":false},"author":1,"featured_media":0,"parent":0,"menu_order":0,"comment_status":"closed","ping_status":"closed","template":"","meta":[],"acf":[],"_links":{"self":[{"href":"http:\/\/eines-informatiques.recursos.uoc.edu\/introduccion-a-los-entornos-de-trabajo-gnu-linux\/wp-json\/wp\/v2\/pages\/775"}],"collection":[{"href":"http:\/\/eines-informatiques.recursos.uoc.edu\/introduccion-a-los-entornos-de-trabajo-gnu-linux\/wp-json\/wp\/v2\/pages"}],"about":[{"href":"http:\/\/eines-informatiques.recursos.uoc.edu\/introduccion-a-los-entornos-de-trabajo-gnu-linux\/wp-json\/wp\/v2\/types\/page"}],"author":[{"embeddable":true,"href":"http:\/\/eines-informatiques.recursos.uoc.edu\/introduccion-a-los-entornos-de-trabajo-gnu-linux\/wp-json\/wp\/v2\/users\/1"}],"replies":[{"embeddable":true,"href":"http:\/\/eines-informatiques.recursos.uoc.edu\/introduccion-a-los-entornos-de-trabajo-gnu-linux\/wp-json\/wp\/v2\/comments?post=775"}],"version-history":[{"count":2,"href":"http:\/\/eines-informatiques.recursos.uoc.edu\/introduccion-a-los-entornos-de-trabajo-gnu-linux\/wp-json\/wp\/v2\/pages\/775\/revisions"}],"predecessor-version":[{"id":778,"href":"http:\/\/eines-informatiques.recursos.uoc.edu\/introduccion-a-los-entornos-de-trabajo-gnu-linux\/wp-json\/wp\/v2\/pages\/775\/revisions\/778"}],"wp:attachment":[{"href":"http:\/\/eines-informatiques.recursos.uoc.edu\/introduccion-a-los-entornos-de-trabajo-gnu-linux\/wp-json\/wp\/v2\/media?parent=775"}],"curies":[{"name":"wp","href":"https:\/\/api.w.org\/{rel}","templated":true}]}}