{"id":718,"date":"2023-10-18T12:52:15","date_gmt":"2023-10-18T10:52:15","guid":{"rendered":"http:\/\/eines-informatiques.recursos.uoc.edu\/introduccion-a-los-entornos-de-trabajo-gnu-linux\/?page_id=718"},"modified":"2023-10-18T12:52:15","modified_gmt":"2023-10-18T10:52:15","slug":"1-13-1-introduccio","status":"publish","type":"page","link":"http:\/\/eines-informatiques.recursos.uoc.edu\/introduccion-a-los-entornos-de-trabajo-gnu-linux\/1-13-1-introduccio\/","title":{"rendered":"1.13.1. Introducci\u00f3"},"content":{"rendered":"<p>AWK \u00e9s un llenguatge de programaci\u00f3 usat per processar dades de text. El nom AWK prov\u00e9 de les inicials dels cognoms dels seus autors: Alfred Aho, Peter Weinberger i Brian Kernighan. I l\u2019ordre <code>awk<\/code> \u00e9s el programa de Gnu\/Linux que interpreta el llenguatge de programaci\u00f3 AWK. AWK va ser creat per reempla\u00e7ar els algoritmes escrits en C per a l\u2019an\u00e0lisi de text. Va guanyar popularitat r\u00e0pidament a Gnu\/Linux i es considera una de les utilitats necess\u00e0ries del sistema operatiu. L\u2019ordre <code>awk<\/code> va ser portada a GNU el 1986, i es va anomenar<em> gawk<\/em>. Actualment, Arnold Robins \u00e9s el principal mantenidor del codi i la documentaci\u00f3 de <em>gawk<\/em>. En sistemes moderns de Gnu\/Linux, la crida a l\u2019int\u00e8rpret d\u2019ordres <code>awk<\/code> est\u00e0 lligada a <code>gawk<\/code><em>.<\/em><\/p>\n<p>Fins ara s\u2019han vist ordres per accedir al contingut de fitxers de text organitzats en files i columnes. De vegades, cal accedir a camps espec\u00edfics o realitzar c\u00e0lculs en alguns registres. GAWK \u00e9s un llenguatge de programaci\u00f3 que permet realitzar aquestes operacions en fitxers de text. GAWK processa els registres i genera una nova l\u00ednia de resultats. Les variables predefinides a GAWK permeten accedir selectivament a la informaci\u00f3.<\/p>\n","protected":false},"excerpt":{"rendered":"<p>AWK \u00e9s un llenguatge de programaci\u00f3 usat per processar dades de text. El nom AWK prov\u00e9 de les inicials dels cognoms dels seus autors: Alfred Aho, Peter Weinberger i Brian Kernighan. I l\u2019ordre awk \u00e9s el programa de Gnu\/Linux que interpreta el llenguatge de programaci\u00f3 AWK. AWK va ser creat per reempla\u00e7ar els algoritmes escrits [&hellip;]<\/p>\n","protected":false},"author":1,"featured_media":0,"parent":0,"menu_order":0,"comment_status":"closed","ping_status":"closed","template":"","meta":[],"acf":[],"_links":{"self":[{"href":"http:\/\/eines-informatiques.recursos.uoc.edu\/introduccion-a-los-entornos-de-trabajo-gnu-linux\/wp-json\/wp\/v2\/pages\/718"}],"collection":[{"href":"http:\/\/eines-informatiques.recursos.uoc.edu\/introduccion-a-los-entornos-de-trabajo-gnu-linux\/wp-json\/wp\/v2\/pages"}],"about":[{"href":"http:\/\/eines-informatiques.recursos.uoc.edu\/introduccion-a-los-entornos-de-trabajo-gnu-linux\/wp-json\/wp\/v2\/types\/page"}],"author":[{"embeddable":true,"href":"http:\/\/eines-informatiques.recursos.uoc.edu\/introduccion-a-los-entornos-de-trabajo-gnu-linux\/wp-json\/wp\/v2\/users\/1"}],"replies":[{"embeddable":true,"href":"http:\/\/eines-informatiques.recursos.uoc.edu\/introduccion-a-los-entornos-de-trabajo-gnu-linux\/wp-json\/wp\/v2\/comments?post=718"}],"version-history":[{"count":2,"href":"http:\/\/eines-informatiques.recursos.uoc.edu\/introduccion-a-los-entornos-de-trabajo-gnu-linux\/wp-json\/wp\/v2\/pages\/718\/revisions"}],"predecessor-version":[{"id":721,"href":"http:\/\/eines-informatiques.recursos.uoc.edu\/introduccion-a-los-entornos-de-trabajo-gnu-linux\/wp-json\/wp\/v2\/pages\/718\/revisions\/721"}],"wp:attachment":[{"href":"http:\/\/eines-informatiques.recursos.uoc.edu\/introduccion-a-los-entornos-de-trabajo-gnu-linux\/wp-json\/wp\/v2\/media?parent=718"}],"curies":[{"name":"wp","href":"https:\/\/api.w.org\/{rel}","templated":true}]}}