{"id":610,"date":"2023-10-10T13:55:29","date_gmt":"2023-10-10T11:55:29","guid":{"rendered":"http:\/\/eines-informatiques.recursos.uoc.edu\/introduccion-a-los-entornos-de-trabajo-gnu-linux\/?page_id=610"},"modified":"2025-04-23T20:17:26","modified_gmt":"2025-04-23T18:17:26","slug":"1-7-2-ejecucion-de-comandos","status":"publish","type":"page","link":"http:\/\/eines-informatiques.recursos.uoc.edu\/introduccion-a-los-entornos-de-trabajo-gnu-linux\/1-7-2-ejecucion-de-comandos\/","title":{"rendered":"1.7.2. Execuci\u00f3 d\u2019ordres"},"content":{"rendered":"<p>La forma m\u00e9s senzilla d\u2019executar una ordre \u00e9s escriure el nom de l\u2019ordre des d\u2019una <em>shell<\/em>. Des del teu escriptori <em>ubuntu<\/em>, obriu una finestra terminal i despr\u00e9s escriviu la seg\u00fcent ordre:<\/p>\n<pre class=\"EnlighterJSRAW\" data-enlighter-language=\"bash\" data-enlighter-theme=\"mowtwo\">$ date<\/pre>\n<pre class=\"EnlighterJSRAW\" data-enlighter-language=\"raw\" data-enlighter-theme=\"droide\">Wed 19 Apr 15:26:05 CEST 2023<\/pre>\n<p>Escriure l\u2019ordre <code>date<\/code>, sense opcions ni arguments, mostra el dia, mes, data, hora, zona hor\u00e0ria i any actuals, tal com es mostra a dalt. Potser en el vostre terminal no veieu el mateix perqu\u00e8 el format pot canviar depenent de la zona hor\u00e0ria. A continuaci\u00f3, algunes altres ordres que podeu provar:<\/p>\n<pre class=\"EnlighterJSRAW\" data-enlighter-language=\"bash\" data-enlighter-theme=\"mowtwo\">$ pwd<\/pre>\n<pre class=\"EnlighterJSRAW\" data-enlighter-language=\"raw\" data-enlighter-theme=\"droide\">\/home\/student<\/pre>\n<pre class=\"EnlighterJSRAW\" data-enlighter-language=\"bash\" data-enlighter-theme=\"mowtwo\">$ hostname<\/pre>\n<pre class=\"EnlighterJSRAW\" data-enlighter-language=\"raw\" data-enlighter-theme=\"droide\">ubuntuM0151<\/pre>\n<pre class=\"EnlighterJSRAW\" data-enlighter-language=\"bash\" data-enlighter-theme=\"mowtwo\">$ ls<\/pre>\n<pre class=\"EnlighterJSRAW\" data-enlighter-language=\"raw\" data-enlighter-theme=\"droide\">2021 Desktop Downloads PAC1 Scripts Work d2 Documents index.html PAC2 var<\/pre>\n<p>L\u2019ordre <code>pwd<\/code> mostra el vostre directori de treball actual. Escriure <code>hostname<\/code> mostra el nom de <code>host<\/code> del vostre ordinador. L\u2019ordre <code>ls<\/code> llista els arxius i directoris en el vostre directori actual.<\/p>\n<p>Tot i que moltes ordres es poden executar simplement escrivint els noms de les ordres, \u00e9s m\u00e9s com\u00fa escriure alguna cosa m\u00e9s despr\u00e9s de l\u2019ordre per modificar el seu comportament. Els car\u00e0cters i paraules que podeu escriure despr\u00e9s d\u2019una ordre es denominen <em>opcions<\/em> i <em>arguments<\/em>.<\/p>\n","protected":false},"excerpt":{"rendered":"<p>La forma m\u00e9s senzilla d\u2019executar una ordre \u00e9s escriure el nom de l\u2019ordre des d\u2019una shell. Des del teu escriptori ubuntu, obriu una finestra terminal i despr\u00e9s escriviu la seg\u00fcent ordre: $ date Wed 19 Apr 15:26:05 CEST 2023 Escriure l\u2019ordre date, sense opcions ni arguments, mostra el dia, mes, data, hora, zona hor\u00e0ria i [&hellip;]<\/p>\n","protected":false},"author":1,"featured_media":0,"parent":0,"menu_order":0,"comment_status":"closed","ping_status":"closed","template":"","meta":[],"acf":[],"_links":{"self":[{"href":"http:\/\/eines-informatiques.recursos.uoc.edu\/introduccion-a-los-entornos-de-trabajo-gnu-linux\/wp-json\/wp\/v2\/pages\/610"}],"collection":[{"href":"http:\/\/eines-informatiques.recursos.uoc.edu\/introduccion-a-los-entornos-de-trabajo-gnu-linux\/wp-json\/wp\/v2\/pages"}],"about":[{"href":"http:\/\/eines-informatiques.recursos.uoc.edu\/introduccion-a-los-entornos-de-trabajo-gnu-linux\/wp-json\/wp\/v2\/types\/page"}],"author":[{"embeddable":true,"href":"http:\/\/eines-informatiques.recursos.uoc.edu\/introduccion-a-los-entornos-de-trabajo-gnu-linux\/wp-json\/wp\/v2\/users\/1"}],"replies":[{"embeddable":true,"href":"http:\/\/eines-informatiques.recursos.uoc.edu\/introduccion-a-los-entornos-de-trabajo-gnu-linux\/wp-json\/wp\/v2\/comments?post=610"}],"version-history":[{"count":12,"href":"http:\/\/eines-informatiques.recursos.uoc.edu\/introduccion-a-los-entornos-de-trabajo-gnu-linux\/wp-json\/wp\/v2\/pages\/610\/revisions"}],"predecessor-version":[{"id":1339,"href":"http:\/\/eines-informatiques.recursos.uoc.edu\/introduccion-a-los-entornos-de-trabajo-gnu-linux\/wp-json\/wp\/v2\/pages\/610\/revisions\/1339"}],"wp:attachment":[{"href":"http:\/\/eines-informatiques.recursos.uoc.edu\/introduccion-a-los-entornos-de-trabajo-gnu-linux\/wp-json\/wp\/v2\/media?parent=610"}],"curies":[{"name":"wp","href":"https:\/\/api.w.org\/{rel}","templated":true}]}}