{"id":578,"date":"2023-10-10T13:26:49","date_gmt":"2023-10-10T11:26:49","guid":{"rendered":"http:\/\/eines-informatiques.recursos.uoc.edu\/introduccion-a-los-entornos-de-trabajo-gnu-linux\/?page_id=578"},"modified":"2023-10-18T16:25:43","modified_gmt":"2023-10-18T14:25:43","slug":"1-3-2-altres-versions-dunix","status":"publish","type":"page","link":"http:\/\/eines-informatiques.recursos.uoc.edu\/introduccion-a-los-entornos-de-trabajo-gnu-linux\/1-3-2-altres-versions-dunix\/","title":{"rendered":"1.3.2. Altres versions d\u2019UNIX"},"content":{"rendered":"<p>Diferents companyies han desenvolupat la seva pr\u00f2pia distribuci\u00f3 comercial d\u2019UNIX. Solaris va ser produ\u00eft per Sun, AIX per IBM, HP-UX per Hewlett-Packard o Mac OS-X per Apple. Fins i tot Microsoft va treballar en la seva pr\u00f2pia distribuci\u00f3, anomenada <em>Xenix<\/em>.<\/p>\n<p>La d\u00e8cada dels vuitanta va presidir el gran \u00e8xit dels ordinadors personals d\u2019IBM (en angl\u00e8s, Personal Computer o PC), gestionats pel sistema operatiu DOS (en angl\u00e8s, Disk Operating System). Precisament, un estudiant finland\u00e8s d\u2019inform\u00e0tica anomenat Linus Torvalds va desenvolupar el 1991 el nucli d\u2019un sistema operatiu basat en UNIX per gestionar microprocessadors Intel x86 (el cor dels primers PCs d\u2019IBM). Aquesta variant, en conjunci\u00f3 amb el <em>software<\/em> obert creat pel projecte GNU (per exemple, gcc o emacs), va constituir l\u2019embri\u00f3 de la fam\u00edlia de sistemes operatius Linux. Tot i que e troben en funcionament m\u00faltiples projectes de desenvolupament sobre la base d&#8217;UNIX (especialment per a la versi\u00f3 BSD), Linux ha aconseguit una \u00e0mplia difusi\u00f3 entre la comunitat inform\u00e0tica a causa de la seva lliure distribuci\u00f3 com a <em>software <\/em>obert. Gr\u00e0cies a les millores aportades per milers de programadors, Linux \u00e9s un dels SO m\u00e9s estesos actualment.<\/p>\n","protected":false},"excerpt":{"rendered":"<p>Diferents companyies han desenvolupat la seva pr\u00f2pia distribuci\u00f3 comercial d\u2019UNIX. Solaris va ser produ\u00eft per Sun, AIX per IBM, HP-UX per Hewlett-Packard o Mac OS-X per Apple. Fins i tot Microsoft va treballar en la seva pr\u00f2pia distribuci\u00f3, anomenada Xenix. La d\u00e8cada dels vuitanta va presidir el gran \u00e8xit dels ordinadors personals d\u2019IBM (en angl\u00e8s, [&hellip;]<\/p>\n","protected":false},"author":1,"featured_media":0,"parent":0,"menu_order":0,"comment_status":"closed","ping_status":"closed","template":"","meta":[],"acf":[],"_links":{"self":[{"href":"http:\/\/eines-informatiques.recursos.uoc.edu\/introduccion-a-los-entornos-de-trabajo-gnu-linux\/wp-json\/wp\/v2\/pages\/578"}],"collection":[{"href":"http:\/\/eines-informatiques.recursos.uoc.edu\/introduccion-a-los-entornos-de-trabajo-gnu-linux\/wp-json\/wp\/v2\/pages"}],"about":[{"href":"http:\/\/eines-informatiques.recursos.uoc.edu\/introduccion-a-los-entornos-de-trabajo-gnu-linux\/wp-json\/wp\/v2\/types\/page"}],"author":[{"embeddable":true,"href":"http:\/\/eines-informatiques.recursos.uoc.edu\/introduccion-a-los-entornos-de-trabajo-gnu-linux\/wp-json\/wp\/v2\/users\/1"}],"replies":[{"embeddable":true,"href":"http:\/\/eines-informatiques.recursos.uoc.edu\/introduccion-a-los-entornos-de-trabajo-gnu-linux\/wp-json\/wp\/v2\/comments?post=578"}],"version-history":[{"count":5,"href":"http:\/\/eines-informatiques.recursos.uoc.edu\/introduccion-a-los-entornos-de-trabajo-gnu-linux\/wp-json\/wp\/v2\/pages\/578\/revisions"}],"predecessor-version":[{"id":759,"href":"http:\/\/eines-informatiques.recursos.uoc.edu\/introduccion-a-los-entornos-de-trabajo-gnu-linux\/wp-json\/wp\/v2\/pages\/578\/revisions\/759"}],"wp:attachment":[{"href":"http:\/\/eines-informatiques.recursos.uoc.edu\/introduccion-a-los-entornos-de-trabajo-gnu-linux\/wp-json\/wp\/v2\/media?parent=578"}],"curies":[{"name":"wp","href":"https:\/\/api.w.org\/{rel}","templated":true}]}}