{"id":568,"date":"2023-10-10T13:22:01","date_gmt":"2023-10-10T11:22:01","guid":{"rendered":"http:\/\/eines-informatiques.recursos.uoc.edu\/introduccion-a-los-entornos-de-trabajo-gnu-linux\/?page_id=568"},"modified":"2023-10-18T16:07:54","modified_gmt":"2023-10-18T14:07:54","slug":"1-2-funcions-dun-sistema-operatiu","status":"publish","type":"page","link":"http:\/\/eines-informatiques.recursos.uoc.edu\/introduccion-a-los-entornos-de-trabajo-gnu-linux\/1-2-funcions-dun-sistema-operatiu\/","title":{"rendered":"1.2. Funcions d\u2019un sistema operatiu"},"content":{"rendered":"<p>El sistema operatiu (SO) \u00e9s el programa que exerceix un rol d\u2019intermediari entre l\u2019usuari i la m\u00e0quina, i que dota una interf\u00edcie de funcions elementals per a la seva gesti\u00f3. D\u2019aquesta manera, l\u2019usuari de la m\u00e0quina aconsegueix extreure\u2019n un rendiment superior, despreocupant-se de la seva complexitat t\u00e8cnica.<\/p>\n<p>Els avantatges de treballar amb un sistema operatiu s\u00f3n diversos:<\/p>\n<ul>\n<li>Proporciona un entorn de treball m\u00e9s amigable per a la seva utilitzaci\u00f3.<\/li>\n<li>Utilitza eficientment els recursos de l\u2019ordinador.<\/li>\n<li>Permet un desenvolupament i testatge de noves funcions sense interferir amb els serveis ja existents.<\/li>\n<li>Proporciona el nombre m\u00e9s gran de tasques per unitat de temps.<\/li>\n<\/ul>\n<p>Entre els recursos que el SO gestiona de forma transparent hi trobem:<\/p>\n<ul>\n<li>El processador.<\/li>\n<li>La mem\u00f2ria i els dispositius d\u2019emmagatzematge secundaris.<\/li>\n<li>Dispositius d\u2019entrada i sortida de dades.<\/li>\n<li>El sistema d\u2019arxius i directoris.<\/li>\n<li>La connexi\u00f3 a la xarxa i amb altres m\u00e0quines.<\/li>\n<li>La seguretat i privacitat de les dades.<\/li>\n<li>La informaci\u00f3 interna sobre el sistema.<\/li>\n<\/ul>\n<p class=\"p1\"><div class=\"featured featured-grey\"><\/p>\n<p><strong>Exemples de SO<\/strong>:<\/p>\n<ul>\n<li>Windows<\/li>\n<li>GNU\/Linux<\/li>\n<li>macOS<\/li>\n<li>Android<\/li>\n<li>Solaris<\/li>\n<\/ul>\n<p class=\"p1\">\n<\/div><\/p>\n","protected":false},"excerpt":{"rendered":"<p>El sistema operatiu (SO) \u00e9s el programa que exerceix un rol d\u2019intermediari entre l\u2019usuari i la m\u00e0quina, i que dota una interf\u00edcie de funcions elementals per a la seva gesti\u00f3. D\u2019aquesta manera, l\u2019usuari de la m\u00e0quina aconsegueix extreure\u2019n un rendiment superior, despreocupant-se de la seva complexitat t\u00e8cnica. Els avantatges de treballar amb un sistema operatiu [&hellip;]<\/p>\n","protected":false},"author":1,"featured_media":0,"parent":0,"menu_order":0,"comment_status":"closed","ping_status":"closed","template":"","meta":[],"acf":[],"_links":{"self":[{"href":"http:\/\/eines-informatiques.recursos.uoc.edu\/introduccion-a-los-entornos-de-trabajo-gnu-linux\/wp-json\/wp\/v2\/pages\/568"}],"collection":[{"href":"http:\/\/eines-informatiques.recursos.uoc.edu\/introduccion-a-los-entornos-de-trabajo-gnu-linux\/wp-json\/wp\/v2\/pages"}],"about":[{"href":"http:\/\/eines-informatiques.recursos.uoc.edu\/introduccion-a-los-entornos-de-trabajo-gnu-linux\/wp-json\/wp\/v2\/types\/page"}],"author":[{"embeddable":true,"href":"http:\/\/eines-informatiques.recursos.uoc.edu\/introduccion-a-los-entornos-de-trabajo-gnu-linux\/wp-json\/wp\/v2\/users\/1"}],"replies":[{"embeddable":true,"href":"http:\/\/eines-informatiques.recursos.uoc.edu\/introduccion-a-los-entornos-de-trabajo-gnu-linux\/wp-json\/wp\/v2\/comments?post=568"}],"version-history":[{"count":3,"href":"http:\/\/eines-informatiques.recursos.uoc.edu\/introduccion-a-los-entornos-de-trabajo-gnu-linux\/wp-json\/wp\/v2\/pages\/568\/revisions"}],"predecessor-version":[{"id":756,"href":"http:\/\/eines-informatiques.recursos.uoc.edu\/introduccion-a-los-entornos-de-trabajo-gnu-linux\/wp-json\/wp\/v2\/pages\/568\/revisions\/756"}],"wp:attachment":[{"href":"http:\/\/eines-informatiques.recursos.uoc.edu\/introduccion-a-los-entornos-de-trabajo-gnu-linux\/wp-json\/wp\/v2\/media?parent=568"}],"curies":[{"name":"wp","href":"https:\/\/api.w.org\/{rel}","templated":true}]}}