{"id":559,"date":"2023-10-10T13:13:04","date_gmt":"2023-10-10T11:13:04","guid":{"rendered":"http:\/\/eines-informatiques.recursos.uoc.edu\/introduccion-a-los-entornos-de-trabajo-gnu-linux\/?page_id=559"},"modified":"2023-10-10T13:13:04","modified_gmt":"2023-10-10T11:13:04","slug":"objectius","status":"publish","type":"page","link":"http:\/\/eines-informatiques.recursos.uoc.edu\/introduccion-a-los-entornos-de-trabajo-gnu-linux\/objectius\/","title":{"rendered":"Objectius"},"content":{"rendered":"<p>Amb el programa de continguts d\u2019aquest m\u00f2dul, un cop finalitzada l\u2019etapa d\u2019aprenentatge, haureu d\u2019assolir els objectius seg\u00fcents:<\/p>\n<ol>\n<li>Con\u00e8ixer les funcions del sistema operatiu.<\/li>\n<li>Recon\u00e8ixer la fam\u00edlia de sistemes operatius GNU\/Linux.<\/li>\n<li>Distingir entre processos i programes.<\/li>\n<li>Identificar la jerarquia del sistema de fitxers.<\/li>\n<li>Treballar amb m\u00e0quines virtuals multiplataforma.<\/li>\n<li>Utilitzar el terminal per a l\u2019an\u00e0lisi de dades bioinform\u00e0tiques.<\/li>\n<li>Combinar s\u00e8ries d\u2019ordres per crear protocols m\u00e9s complexos.<\/li>\n<li>Obtenir una c\u00f2pia dels entorns bioinform\u00e0tics reals.<\/li>\n<li>Integrar les ordres del terminal amb la informaci\u00f3 biol\u00f2gica.<\/li>\n<\/ol>\n","protected":false},"excerpt":{"rendered":"<p>Amb el programa de continguts d\u2019aquest m\u00f2dul, un cop finalitzada l\u2019etapa d\u2019aprenentatge, haureu d\u2019assolir els objectius seg\u00fcents: Con\u00e8ixer les funcions del sistema operatiu. Recon\u00e8ixer la fam\u00edlia de sistemes operatius GNU\/Linux. Distingir entre processos i programes. Identificar la jerarquia del sistema de fitxers. Treballar amb m\u00e0quines virtuals multiplataforma. Utilitzar el terminal per a l\u2019an\u00e0lisi de dades [&hellip;]<\/p>\n","protected":false},"author":1,"featured_media":0,"parent":0,"menu_order":0,"comment_status":"closed","ping_status":"closed","template":"","meta":[],"acf":[],"_links":{"self":[{"href":"http:\/\/eines-informatiques.recursos.uoc.edu\/introduccion-a-los-entornos-de-trabajo-gnu-linux\/wp-json\/wp\/v2\/pages\/559"}],"collection":[{"href":"http:\/\/eines-informatiques.recursos.uoc.edu\/introduccion-a-los-entornos-de-trabajo-gnu-linux\/wp-json\/wp\/v2\/pages"}],"about":[{"href":"http:\/\/eines-informatiques.recursos.uoc.edu\/introduccion-a-los-entornos-de-trabajo-gnu-linux\/wp-json\/wp\/v2\/types\/page"}],"author":[{"embeddable":true,"href":"http:\/\/eines-informatiques.recursos.uoc.edu\/introduccion-a-los-entornos-de-trabajo-gnu-linux\/wp-json\/wp\/v2\/users\/1"}],"replies":[{"embeddable":true,"href":"http:\/\/eines-informatiques.recursos.uoc.edu\/introduccion-a-los-entornos-de-trabajo-gnu-linux\/wp-json\/wp\/v2\/comments?post=559"}],"version-history":[{"count":2,"href":"http:\/\/eines-informatiques.recursos.uoc.edu\/introduccion-a-los-entornos-de-trabajo-gnu-linux\/wp-json\/wp\/v2\/pages\/559\/revisions"}],"predecessor-version":[{"id":561,"href":"http:\/\/eines-informatiques.recursos.uoc.edu\/introduccion-a-los-entornos-de-trabajo-gnu-linux\/wp-json\/wp\/v2\/pages\/559\/revisions\/561"}],"wp:attachment":[{"href":"http:\/\/eines-informatiques.recursos.uoc.edu\/introduccion-a-los-entornos-de-trabajo-gnu-linux\/wp-json\/wp\/v2\/media?parent=559"}],"curies":[{"name":"wp","href":"https:\/\/api.w.org\/{rel}","templated":true}]}}