{"id":555,"date":"2023-10-10T13:07:46","date_gmt":"2023-10-10T11:07:46","guid":{"rendered":"http:\/\/eines-informatiques.recursos.uoc.edu\/introduccion-a-los-entornos-de-trabajo-gnu-linux\/?page_id=555"},"modified":"2023-10-18T16:00:37","modified_gmt":"2023-10-18T14:00:37","slug":"introduccio","status":"publish","type":"page","link":"http:\/\/eines-informatiques.recursos.uoc.edu\/introduccion-a-los-entornos-de-trabajo-gnu-linux\/","title":{"rendered":"Introducci\u00f3"},"content":{"rendered":"<p>La seq\u00fc\u00e8ncia del genoma de m\u00faltiples esp\u00e8cies est\u00e0 a disposici\u00f3 de qualsevol persona que posseeixi un ordinador amb connexi\u00f3 a Internet, gr\u00e0cies a l\u2019enorme esfor\u00e7 de la comunitat cient\u00edfica, cohesionada en diversos consorcis internacionals, p\u00fablics i privats. Els grans projectes de seq\u00fcenciaci\u00f3 han produ\u00eft una voluminosa quantitat d\u2019informaci\u00f3 gen\u00f2mica que ha de ser gestionada de forma extremadament eficient i precisa per a la seva posterior an\u00e0lisi. Nom\u00e9s la seq\u00fc\u00e8ncia de nucle\u00f2tids del genoma hum\u00e0, que ocupa diversos <em>gigabytes<\/em>, cont\u00e9 desenes de milers de gens i reguladors transcripcionals. De fet, la recent aparici\u00f3 de nous m\u00e8todes de seq\u00fcenciaci\u00f3 massiva per cartografiar la localitzaci\u00f3 de diferents elements funcionals al llarg de les seq\u00fc\u00e8ncies gen\u00f2miques en qualsevol context cel\u00b7lular multiplicar\u00e0 exponencialment els requisits actuals de temps de c\u00e0lcul i espai d\u2019emmagatzematge.<\/p>\n<p>L\u2019an\u00e0lisi exhaustiva de tota aquesta informaci\u00f3 per extreure\u2019n nou coneixement no es pot realitzar manualment. La gesti\u00f3 inform\u00e0tica resulta essencial, per tant, per manipular amb garanties aquest volum de dades. La bioinform\u00e0tica proporciona, en aquest sentit, l\u2019entorn ideal de treball per al bi\u00f2leg molecular. En un entorn bioinform\u00e0tic de recerca, els genomes i les aplicacions estan emmagatzemats localment, evitant problemes de connexi\u00f3 i tr\u00e0nsit de la xarxa. Aquestes estacions de treball s\u00f3n les eines essencials de l\u2019investigador per efectuar an\u00e0lisis bioinform\u00e0tiques de qualsevol mena de seq\u00fc\u00e8ncia biol\u00f2gica.<\/p>\n<p>Aquest m\u00f2dul aprofundeix sobre la majoria d\u2019aplicacions computacionals utilitzades habitualment per un bioinform\u00e0tic per processar informaci\u00f3 gen\u00f2mica. La fam\u00edlia de sistemes operatius GNU\/Linux \u00e9s la plataforma habitual de treball en aquesta classe de laboratoris. En primer lloc, farem una introducci\u00f3 general als conceptes b\u00e0sics relacionats amb els sistemes operatius. Posteriorment, enfocarem el nostre inter\u00e8s en el maneig del terminal de GNU\/Linux, l\u2019eina de treball usual per a un bioinform\u00e0tic. Aprendrem les ordres b\u00e0siques, i com poden combinar-se per generar ordres encara m\u00e9s potents que conformin protocols complets de treball. Finalment, veurem que podem obtenir f\u00e0cilment una c\u00f2pia dels grans conjunts de dades biol\u00f2giques de refer\u00e8ncia per poder analitzar-les localment al nostre ordinador amb summa facilitat. En resum, dominareu els elements b\u00e0sics de treball per integrar-vos f\u00e0cilment dins de qualsevol entorn de recerca bioinform\u00e0tic.<\/p>\n","protected":false},"excerpt":{"rendered":"<p>La seq\u00fc\u00e8ncia del genoma de m\u00faltiples esp\u00e8cies est\u00e0 a disposici\u00f3 de qualsevol persona que posseeixi un ordinador amb connexi\u00f3 a Internet, gr\u00e0cies a l\u2019enorme esfor\u00e7 de la comunitat cient\u00edfica, cohesionada en diversos consorcis internacionals, p\u00fablics i privats. Els grans projectes de seq\u00fcenciaci\u00f3 han produ\u00eft una voluminosa quantitat d\u2019informaci\u00f3 gen\u00f2mica que ha de ser gestionada de [&hellip;]<\/p>\n","protected":false},"author":1,"featured_media":0,"parent":0,"menu_order":0,"comment_status":"closed","ping_status":"closed","template":"","meta":[],"acf":[],"_links":{"self":[{"href":"http:\/\/eines-informatiques.recursos.uoc.edu\/introduccion-a-los-entornos-de-trabajo-gnu-linux\/wp-json\/wp\/v2\/pages\/555"}],"collection":[{"href":"http:\/\/eines-informatiques.recursos.uoc.edu\/introduccion-a-los-entornos-de-trabajo-gnu-linux\/wp-json\/wp\/v2\/pages"}],"about":[{"href":"http:\/\/eines-informatiques.recursos.uoc.edu\/introduccion-a-los-entornos-de-trabajo-gnu-linux\/wp-json\/wp\/v2\/types\/page"}],"author":[{"embeddable":true,"href":"http:\/\/eines-informatiques.recursos.uoc.edu\/introduccion-a-los-entornos-de-trabajo-gnu-linux\/wp-json\/wp\/v2\/users\/1"}],"replies":[{"embeddable":true,"href":"http:\/\/eines-informatiques.recursos.uoc.edu\/introduccion-a-los-entornos-de-trabajo-gnu-linux\/wp-json\/wp\/v2\/comments?post=555"}],"version-history":[{"count":3,"href":"http:\/\/eines-informatiques.recursos.uoc.edu\/introduccion-a-los-entornos-de-trabajo-gnu-linux\/wp-json\/wp\/v2\/pages\/555\/revisions"}],"predecessor-version":[{"id":754,"href":"http:\/\/eines-informatiques.recursos.uoc.edu\/introduccion-a-los-entornos-de-trabajo-gnu-linux\/wp-json\/wp\/v2\/pages\/555\/revisions\/754"}],"wp:attachment":[{"href":"http:\/\/eines-informatiques.recursos.uoc.edu\/introduccion-a-los-entornos-de-trabajo-gnu-linux\/wp-json\/wp\/v2\/media?parent=555"}],"curies":[{"name":"wp","href":"https:\/\/api.w.org\/{rel}","templated":true}]}}