{"id":90,"date":"2023-08-10T11:25:11","date_gmt":"2023-08-10T09:25:11","guid":{"rendered":"http:\/\/eines-informatiques.recursos.uoc.edu\/introduccion-a-los-entornos-de-trabajo-gnu-linux\/?page_id=90"},"modified":"2023-10-10T13:44:14","modified_gmt":"2023-10-10T11:44:14","slug":"1-6-funcionamiento-de-las-maquinas-virtuales","status":"publish","type":"page","link":"http:\/\/eines-informatiques.recursos.uoc.edu\/introduccion-a-los-entornos-de-trabajo-gnu-linux\/es\/1-6-funcionamiento-de-las-maquinas-virtuales\/","title":{"rendered":"1.6. Funcionamiento de las m\u00e1quinas virtuales"},"content":{"rendered":"<p>Hasta hace relativamente poco tiempo, no era nada sencillo para los usuarios de ordenadores personales disponer de una m\u00e1quina funcionando con Linux. Implicaba la desinstalaci\u00f3n del SO previamente instalado, o cuando menos, la creaci\u00f3n de particiones independientes con un gestor de arranque dual que permitiera la coexistencia de ambos sistemas. Las distribuciones de Linux, adem\u00e1s, carec\u00edan de un protocolo simple de instalaci\u00f3n, requiriendo de un profundo conocimiento a nivel t\u00e9cnico de la m\u00e1quina. Afortunadamente, en el momento actual se han superado ampliamente muchas de las barreras que complican el acceso a esta tecnolog\u00eda. De hecho, hoy en d\u00eda podemos probar f\u00e1cilmente <em>in situ<\/em> la mayor\u00eda de las distribuciones Linux en nuestros ordenadores sin modificar su configuraci\u00f3n, mediante el uso de las denominadas m\u00e1quinas virtuales.<\/p>\n<p>Una m\u00e1quina virtual (MV) es un programa que imita el funcionamiento de un ordenador, trabajando como una aplicaci\u00f3n convencional dentro de nuestra propia m\u00e1quina. De este modo, mientras nuestra m\u00e1quina est\u00e1 gobernada por un SO que recibe la denominaci\u00f3n de hu\u00e9sped (en ingl\u00e9s, <em>host<\/em>), la MV funciona bajo el control de un segundo SO que act\u00faa como invitado (en ingl\u00e9s, <em>guest<\/em>). Para dotar de esta funcionalidad a nuestro ordenador es preciso instalar en nuestra m\u00e1quina un software de virtualizaci\u00f3n capaz de gestionar m\u00faltiples m\u00e1quinas virtuales simult\u00e1neamente. Los programas gestores de m\u00e1quinas virtuales pueden instalarse en m\u00faltiples plataformas para actuar como hu\u00e9sped, siendo capaces de ejecutar dentro de una ventana una m\u00e1quina ficticia gestionada por otro SO diferente invitado. En t\u00e9rminos pr\u00e1cticos, la MV para el ordenador hu\u00e9sped es una aplicaci\u00f3n convencional, mientras que desde el interior de esta la emulaci\u00f3n logra que el SO invitado crea que trabaja sobre una verdadera m\u00e1quina f\u00edsica funcionando a su entera disposici\u00f3n.<\/p>\n<p>El sistema de ficheros de la MV invitada se almacena f\u00edsicamente en un \u00fanico fichero dentro de nuestro ordenador, junto con las opciones de configuraci\u00f3n establecidas durante la instalaci\u00f3n. L\u00f3gicamente, la MV posee acceso a determinados perif\u00e9ricos de nuestra propia m\u00e1quina, tales como el teclado, el rat\u00f3n, la pantalla o el acceso a Internet. Para realizar el intercambio de informaci\u00f3n entre la MV y nuestra m\u00e1quina podemos acceder a los dispositivos USB conectados f\u00edsicamente en nuestro ordenador, crear una carpeta compartida entre el <em>guest <\/em>y el <em>host<\/em> o depositar nuestros ficheros en la red a trav\u00e9s de distintos portales de la nube. No obstante, tanto la configuraci\u00f3n real de nuestro ordenador como el n\u00facleo de nuestro sistema de ficheros montado desde nuestros discos duros internos permanecer\u00e1n ocultos para la MV. La gesti\u00f3n de diferentes tipos de datos dentro de la MV obviamente repercute en un tiempo de respuesta mayor que en el caso de trabajar de forma nativa con el mismo SO invitado, pero las \u00faltimas versiones de los programas de virtualizaci\u00f3n est\u00e1n claramente disminuyendo estas diferencias. En conclusi\u00f3n, esta aproximaci\u00f3n resulta enormemente atractiva para probar cualquier nuevo sistema sin modificar nuestro entorno de trabajo habitual.<\/p>\n","protected":false},"excerpt":{"rendered":"<p>Hasta hace relativamente poco tiempo, no era nada sencillo para los usuarios de ordenadores personales disponer de una m\u00e1quina funcionando con Linux. Implicaba la desinstalaci\u00f3n del SO previamente instalado, o cuando menos, la creaci\u00f3n de particiones independientes con un gestor de arranque dual que permitiera la coexistencia de ambos sistemas. Las distribuciones de Linux, adem\u00e1s, [&hellip;]<\/p>\n","protected":false},"author":1,"featured_media":0,"parent":0,"menu_order":0,"comment_status":"closed","ping_status":"closed","template":"","meta":[],"acf":[],"_links":{"self":[{"href":"http:\/\/eines-informatiques.recursos.uoc.edu\/introduccion-a-los-entornos-de-trabajo-gnu-linux\/es\/wp-json\/wp\/v2\/pages\/90"}],"collection":[{"href":"http:\/\/eines-informatiques.recursos.uoc.edu\/introduccion-a-los-entornos-de-trabajo-gnu-linux\/es\/wp-json\/wp\/v2\/pages"}],"about":[{"href":"http:\/\/eines-informatiques.recursos.uoc.edu\/introduccion-a-los-entornos-de-trabajo-gnu-linux\/es\/wp-json\/wp\/v2\/types\/page"}],"author":[{"embeddable":true,"href":"http:\/\/eines-informatiques.recursos.uoc.edu\/introduccion-a-los-entornos-de-trabajo-gnu-linux\/es\/wp-json\/wp\/v2\/users\/1"}],"replies":[{"embeddable":true,"href":"http:\/\/eines-informatiques.recursos.uoc.edu\/introduccion-a-los-entornos-de-trabajo-gnu-linux\/es\/wp-json\/wp\/v2\/comments?post=90"}],"version-history":[{"count":5,"href":"http:\/\/eines-informatiques.recursos.uoc.edu\/introduccion-a-los-entornos-de-trabajo-gnu-linux\/es\/wp-json\/wp\/v2\/pages\/90\/revisions"}],"predecessor-version":[{"id":602,"href":"http:\/\/eines-informatiques.recursos.uoc.edu\/introduccion-a-los-entornos-de-trabajo-gnu-linux\/es\/wp-json\/wp\/v2\/pages\/90\/revisions\/602"}],"wp:attachment":[{"href":"http:\/\/eines-informatiques.recursos.uoc.edu\/introduccion-a-los-entornos-de-trabajo-gnu-linux\/es\/wp-json\/wp\/v2\/media?parent=90"}],"curies":[{"name":"wp","href":"https:\/\/api.w.org\/{rel}","templated":true}]}}