{"id":74,"date":"2023-08-10T11:13:55","date_gmt":"2023-08-10T09:13:55","guid":{"rendered":"http:\/\/eines-informatiques.recursos.uoc.edu\/introduccion-a-los-entornos-de-trabajo-gnu-linux\/?page_id=74"},"modified":"2023-09-05T12:32:47","modified_gmt":"2023-09-05T10:32:47","slug":"1-3-3-el-proyecto-gnu","status":"publish","type":"page","link":"http:\/\/eines-informatiques.recursos.uoc.edu\/introduccion-a-los-entornos-de-trabajo-gnu-linux\/es\/1-3-3-el-proyecto-gnu\/","title":{"rendered":"1.3.3. El proyecto GNU"},"content":{"rendered":"<p>GNU (en ingl\u00e9s, GNU\u2019s not Unix!) propugna un SO compuesto por piezas de software libre. Ten\u00e9is m\u00e1s informaci\u00f3n en la p\u00e1gina web <a href=\"http:\/\/www.gnu.org\" target=\"_blank\" rel=\"noopener\">http:\/\/www.gnu.org<\/a>.<\/p>\n<p>Debido a su naturaleza abierta, no existe en realidad una \u00fanica versi\u00f3n de Linux. Desde su nacimiento han surgido numerosas variantes (denominadas <em>distribuciones<\/em> o <em>distros<\/em>) que comparten el n\u00facleo del sistema y un conjunto de bibliotecas y programas comunes surgidos a partir del proyecto GNU. Cada distribuci\u00f3n se diferencia del resto por el tipo de aplicaciones que incorpora, orient\u00e1ndose a usuarios dom\u00e9sticos, empresas o grandes servidores. Existen distribuciones soportadas comercialmente por compa\u00f1\u00edas que proporcionan asistencia durante la instalaci\u00f3n y actualizaci\u00f3n del sistema. La tabla 1 muestra algunas de las variantes m\u00e1s conocidas que existen.<\/p>\n<div class=\"tabletitle\"><p>Tabla 1. Distribuciones Linux de car\u00e1cter general m\u00e1s populares<\/p>\n<\/div>\n<table width=\"642\">\n<thead>\n<tr>\n<th scope=\"col\" width=\"321\"><strong>Distro<\/strong><\/th>\n<th scope=\"col\" width=\"321\"><strong>Web<\/strong><\/th>\n<\/tr>\n<\/thead>\n<tbody>\n<tr>\n<td width=\"321\">Ubuntu<\/td>\n<td width=\"321\"><a href=\"http:\/\/ubuntu.com\" target=\"_blank\" rel=\"noopener\">ubuntu.com<\/a><\/td>\n<\/tr>\n<tr>\n<td width=\"321\">CentOS<\/td>\n<td width=\"321\"><a href=\"http:\/\/centos.org\" target=\"_blank\" rel=\"noopener\">centos.org<\/a><\/td>\n<\/tr>\n<tr>\n<td width=\"321\">Debian<\/td>\n<td width=\"321\"><a href=\"http:\/\/debian.org\" target=\"_blank\" rel=\"noopener\">debian.org<\/a><\/td>\n<\/tr>\n<tr>\n<td width=\"321\">Red Hat Enterprise<\/td>\n<td width=\"321\"><a href=\"http:\/\/redhat.com\" target=\"_blank\" rel=\"noopener\">redhat.com<\/a><\/td>\n<\/tr>\n<tr>\n<td width=\"321\">Slackware<\/td>\n<td width=\"321\"><a href=\"http:\/\/slackware.com\" target=\"_blank\" rel=\"noopener\">slackware.com<\/a><\/td>\n<\/tr>\n<tr>\n<td width=\"321\">Fedora<\/td>\n<td width=\"321\"><a href=\"http:\/\/fedoraproject.org\" target=\"_blank\" rel=\"noopener\">fedoraproject.org<\/a><\/td>\n<\/tr>\n<tr>\n<td width=\"321\">openSUSE<\/td>\n<td width=\"321\"><a href=\"http:\/\/opensuse.org\" target=\"_blank\" rel=\"noopener\">opensuse.org<\/a><\/td>\n<\/tr>\n<tr>\n<td width=\"321\">Arch<\/td>\n<td width=\"321\"><a href=\"http:\/\/archlinux.org\" target=\"_blank\" rel=\"noopener\">archlinux.org<\/a><\/td>\n<\/tr>\n<tr>\n<td width=\"321\">Linux Mint<\/td>\n<td width=\"321\"><a href=\"http:\/\/linuxmint.com\" target=\"_blank\" rel=\"noopener\">linuxmint.com<\/a><\/td>\n<\/tr>\n<\/tbody>\n<\/table>\n<div class=\"tablefooter\"><p>Fuente: elaboraci\u00f3n propia.<\/p>\n<\/div>\n","protected":false},"excerpt":{"rendered":"<p>GNU (en ingl\u00e9s, GNU\u2019s not Unix!) propugna un SO compuesto por piezas de software libre. Ten\u00e9is m\u00e1s informaci\u00f3n en la p\u00e1gina web http:\/\/www.gnu.org. Debido a su naturaleza abierta, no existe en realidad una \u00fanica versi\u00f3n de Linux. Desde su nacimiento han surgido numerosas variantes (denominadas distribuciones o distros) que comparten el n\u00facleo del sistema y [&hellip;]<\/p>\n","protected":false},"author":1,"featured_media":0,"parent":0,"menu_order":0,"comment_status":"closed","ping_status":"closed","template":"","meta":[],"acf":[],"_links":{"self":[{"href":"http:\/\/eines-informatiques.recursos.uoc.edu\/introduccion-a-los-entornos-de-trabajo-gnu-linux\/es\/wp-json\/wp\/v2\/pages\/74"}],"collection":[{"href":"http:\/\/eines-informatiques.recursos.uoc.edu\/introduccion-a-los-entornos-de-trabajo-gnu-linux\/es\/wp-json\/wp\/v2\/pages"}],"about":[{"href":"http:\/\/eines-informatiques.recursos.uoc.edu\/introduccion-a-los-entornos-de-trabajo-gnu-linux\/es\/wp-json\/wp\/v2\/types\/page"}],"author":[{"embeddable":true,"href":"http:\/\/eines-informatiques.recursos.uoc.edu\/introduccion-a-los-entornos-de-trabajo-gnu-linux\/es\/wp-json\/wp\/v2\/users\/1"}],"replies":[{"embeddable":true,"href":"http:\/\/eines-informatiques.recursos.uoc.edu\/introduccion-a-los-entornos-de-trabajo-gnu-linux\/es\/wp-json\/wp\/v2\/comments?post=74"}],"version-history":[{"count":4,"href":"http:\/\/eines-informatiques.recursos.uoc.edu\/introduccion-a-los-entornos-de-trabajo-gnu-linux\/es\/wp-json\/wp\/v2\/pages\/74\/revisions"}],"predecessor-version":[{"id":390,"href":"http:\/\/eines-informatiques.recursos.uoc.edu\/introduccion-a-los-entornos-de-trabajo-gnu-linux\/es\/wp-json\/wp\/v2\/pages\/74\/revisions\/390"}],"wp:attachment":[{"href":"http:\/\/eines-informatiques.recursos.uoc.edu\/introduccion-a-los-entornos-de-trabajo-gnu-linux\/es\/wp-json\/wp\/v2\/media?parent=74"}],"curies":[{"name":"wp","href":"https:\/\/api.w.org\/{rel}","templated":true}]}}