{"id":66,"date":"2023-08-10T11:02:23","date_gmt":"2023-08-10T09:02:23","guid":{"rendered":"http:\/\/eines-informatiques.recursos.uoc.edu\/introduccion-a-los-entornos-de-trabajo-gnu-linux\/?page_id=66"},"modified":"2023-08-10T11:02:23","modified_gmt":"2023-08-10T09:02:23","slug":"1-3-1-introduccion","status":"publish","type":"page","link":"http:\/\/eines-informatiques.recursos.uoc.edu\/introduccion-a-los-entornos-de-trabajo-gnu-linux\/es\/1-3-1-introduccion\/","title":{"rendered":"1.3.1. Introducci\u00f3n"},"content":{"rendered":"<p>En 1969, Ken Thompson y Dennis Ritchie desarrollaron en lenguaje ensamblador un peque\u00f1o SO denominado <em>UNICS<\/em> (en ingl\u00e9s, UNiplexed Information and Computing System), suficiente para ser ejecutado en un miniordenador DEC PDP-7. Unos a\u00f1os antes, Ken Thompson hab\u00eda formado parte de un gran proyecto coordinado entre el Instituto Tecnol\u00f3gico de Massachusetts (MIT), los Laboratorios Bell de AT&amp;T y General Electric para producir otro sistema que funcionaba sobre una gran computadora GE-645. Este \u00faltimo recibi\u00f3 el nombre de MULTICS (en ingl\u00e9s, MULTiplexed Information and Computing System). Pese a sus m\u00faltiples innovaciones, el proyecto fue abandonado por su pobre rendimiento. UNICS, en contraposici\u00f3n a MULTICS, fue concebido como un sistema ligero orientado a gobernar miniordenadores.<\/p>\n<p>A medida que el proyecto inicial demostraba su gran potencial, surgieron m\u00e1s posibilidades de desarrollo. En 1970, con el apoyo econ\u00f3mico de los Laboratorios Bell (AT&amp;T), los autores finalizaron una primera versi\u00f3n estable, que inclu\u00eda herramientas para editar texto, capaz de funcionar en una minicomputadora PDP-11\/20. En 1972, los mismos autores reescribieron el c\u00f3digo de UNIX en el lenguaje de alto nivel C, permitiendo la portabilidad de todo el sistema a cualquier plataforma. Al aumentar la comprensi\u00f3n del c\u00f3digo, el propietario de UNIX distribuy\u00f3 licencias de desarrollo a varias universidades y compa\u00f1\u00edas. En particular, el departamento de Computaci\u00f3n de la Universidad de California, con sede en Berkley, public\u00f3 su propia versi\u00f3n de UNIX, denominada <em>Berkeley Software Distribution<\/em> (BSD), todav\u00eda con amplia difusi\u00f3n actualmente. A finales de los a\u00f1os setenta, gracias a la distribuci\u00f3n mediante licencia del c\u00f3digo original, el n\u00famero de variantes de UNIX comenz\u00f3 a multiplicarse exponencialmente. La compa\u00f1\u00eda AT&amp;T, propietaria del sistema UNIX original, lanz\u00f3 en 1983 la distribuci\u00f3n UNIX System V, una versi\u00f3n estable que combinaba las mejoras contenidas en cada variante aparecida anteriormente.<\/p>\n","protected":false},"excerpt":{"rendered":"<p>En 1969, Ken Thompson y Dennis Ritchie desarrollaron en lenguaje ensamblador un peque\u00f1o SO denominado UNICS (en ingl\u00e9s, UNiplexed Information and Computing System), suficiente para ser ejecutado en un miniordenador DEC PDP-7. Unos a\u00f1os antes, Ken Thompson hab\u00eda formado parte de un gran proyecto coordinado entre el Instituto Tecnol\u00f3gico de Massachusetts (MIT), los Laboratorios Bell [&hellip;]<\/p>\n","protected":false},"author":1,"featured_media":0,"parent":0,"menu_order":0,"comment_status":"closed","ping_status":"closed","template":"","meta":[],"acf":[],"_links":{"self":[{"href":"http:\/\/eines-informatiques.recursos.uoc.edu\/introduccion-a-los-entornos-de-trabajo-gnu-linux\/es\/wp-json\/wp\/v2\/pages\/66"}],"collection":[{"href":"http:\/\/eines-informatiques.recursos.uoc.edu\/introduccion-a-los-entornos-de-trabajo-gnu-linux\/es\/wp-json\/wp\/v2\/pages"}],"about":[{"href":"http:\/\/eines-informatiques.recursos.uoc.edu\/introduccion-a-los-entornos-de-trabajo-gnu-linux\/es\/wp-json\/wp\/v2\/types\/page"}],"author":[{"embeddable":true,"href":"http:\/\/eines-informatiques.recursos.uoc.edu\/introduccion-a-los-entornos-de-trabajo-gnu-linux\/es\/wp-json\/wp\/v2\/users\/1"}],"replies":[{"embeddable":true,"href":"http:\/\/eines-informatiques.recursos.uoc.edu\/introduccion-a-los-entornos-de-trabajo-gnu-linux\/es\/wp-json\/wp\/v2\/comments?post=66"}],"version-history":[{"count":1,"href":"http:\/\/eines-informatiques.recursos.uoc.edu\/introduccion-a-los-entornos-de-trabajo-gnu-linux\/es\/wp-json\/wp\/v2\/pages\/66\/revisions"}],"predecessor-version":[{"id":68,"href":"http:\/\/eines-informatiques.recursos.uoc.edu\/introduccion-a-los-entornos-de-trabajo-gnu-linux\/es\/wp-json\/wp\/v2\/pages\/66\/revisions\/68"}],"wp:attachment":[{"href":"http:\/\/eines-informatiques.recursos.uoc.edu\/introduccion-a-los-entornos-de-trabajo-gnu-linux\/es\/wp-json\/wp\/v2\/media?parent=66"}],"curies":[{"name":"wp","href":"https:\/\/api.w.org\/{rel}","templated":true}]}}