{"id":48,"date":"2023-08-10T10:39:25","date_gmt":"2023-08-10T08:39:25","guid":{"rendered":"http:\/\/eines-informatiques.recursos.uoc.edu\/introduccion-a-los-entornos-de-trabajo-gnu-linux\/?page_id=48"},"modified":"2023-08-31T17:51:04","modified_gmt":"2023-08-31T15:51:04","slug":"introduccion","status":"publish","type":"page","link":"http:\/\/eines-informatiques.recursos.uoc.edu\/introduccion-a-los-entornos-de-trabajo-gnu-linux\/es\/","title":{"rendered":"Introducci\u00f3n"},"content":{"rendered":"<p>La secuencia del genoma de m\u00faltiples especies est\u00e1 a disposici\u00f3n de cualquier persona que posea un ordenador con conexi\u00f3n a Internet, gracias al enorme esfuerzo de la comunidad cient\u00edfica cohesionada en varios consorcios internacionales, p\u00fablicos y privados. Los grandes proyectos de secuenciaci\u00f3n han producido una voluminosa cantidad de informaci\u00f3n gen\u00f3mica que debe ser gestionada de forma extremadamente eficiente y precisa para su posterior an\u00e1lisis. Solo la secuencia de nucle\u00f3tidos del genoma humano, que ocupa varios\u00a0<em>gigabytes<\/em>, contiene decenas de miles de genes y reguladores transcripcionales. De hecho, la reciente aparici\u00f3n de nuevos m\u00e9todos de secuenciaci\u00f3n masiva para cartografiar la localizaci\u00f3n de distintos elementos funcionales a lo largo de las secuencias gen\u00f3micas en cualquier contexto celular va a multiplicar exponencialmente los requisitos actuales de tiempo de c\u00e1lculo y espacio de almacenamiento.<\/p>\n<p>El an\u00e1lisis exhaustivo de toda esta informaci\u00f3n para extraer nuevo conocimiento no puede realizarse manualmente. La gesti\u00f3n inform\u00e1tica resulta esencial, por tanto, para manipular con garant\u00edas este volumen de datos. La bioinform\u00e1tica proporciona, en este sentido, el entorno ideal de trabajo para el bi\u00f3logo molecular. En un entorno bioinform\u00e1tico de investigaci\u00f3n, los genomas y las aplicaciones est\u00e1n almacenados localmente, evitando problemas de conexi\u00f3n y tr\u00e1fico de la red. Estas estaciones de trabajo son las herramientas esenciales del investigador para efectuar an\u00e1lisis bioinform\u00e1ticos de cualquier tipo de secuencia biol\u00f3gica.<\/p>\n<p>Este m\u00f3dulo profundiza sobre la mayor\u00eda de las aplicaciones computacionales utilizadas habitualmente por un bioinform\u00e1tico para procesar informaci\u00f3n gen\u00f3mica. La familia de sistemas operativos GNU\/Linux es la plataforma habitual de trabajo en esta clase de laboratorios. En primer lugar, realizaremos una introducci\u00f3n general a los conceptos b\u00e1sicos relacionados con los sistemas operativos. Posteriormente, enfocaremos nuestro inter\u00e9s en el manejo del terminal de GNU\/Linux, la herramienta de trabajo usual para un bioinform\u00e1tico. Aprenderemos los comandos b\u00e1sicos, y c\u00f3mo pueden combinarse estos para generar comandos a\u00fan m\u00e1s potentes que conformen protocolos completos de trabajo. Finalmente, veremos que podemos obtener f\u00e1cilmente una copia de los grandes conjuntos de datos biol\u00f3gicos de referencia para poder analizarlos localmente en nuestro ordenador con suma facilidad. En resumen, dominar\u00e9is los elementos b\u00e1sicos de trabajo para integraros f\u00e1cilmente dentro de cualquier entorno de investigaci\u00f3n bioinform\u00e1tico.<\/p>\n","protected":false},"excerpt":{"rendered":"<p>La secuencia del genoma de m\u00faltiples especies est\u00e1 a disposici\u00f3n de cualquier persona que posea un ordenador con conexi\u00f3n a Internet, gracias al enorme esfuerzo de la comunidad cient\u00edfica cohesionada en varios consorcios internacionales, p\u00fablicos y privados. Los grandes proyectos de secuenciaci\u00f3n han producido una voluminosa cantidad de informaci\u00f3n gen\u00f3mica que debe ser gestionada de [&hellip;]<\/p>\n","protected":false},"author":1,"featured_media":0,"parent":0,"menu_order":0,"comment_status":"closed","ping_status":"closed","template":"","meta":[],"acf":[],"_links":{"self":[{"href":"http:\/\/eines-informatiques.recursos.uoc.edu\/introduccion-a-los-entornos-de-trabajo-gnu-linux\/es\/wp-json\/wp\/v2\/pages\/48"}],"collection":[{"href":"http:\/\/eines-informatiques.recursos.uoc.edu\/introduccion-a-los-entornos-de-trabajo-gnu-linux\/es\/wp-json\/wp\/v2\/pages"}],"about":[{"href":"http:\/\/eines-informatiques.recursos.uoc.edu\/introduccion-a-los-entornos-de-trabajo-gnu-linux\/es\/wp-json\/wp\/v2\/types\/page"}],"author":[{"embeddable":true,"href":"http:\/\/eines-informatiques.recursos.uoc.edu\/introduccion-a-los-entornos-de-trabajo-gnu-linux\/es\/wp-json\/wp\/v2\/users\/1"}],"replies":[{"embeddable":true,"href":"http:\/\/eines-informatiques.recursos.uoc.edu\/introduccion-a-los-entornos-de-trabajo-gnu-linux\/es\/wp-json\/wp\/v2\/comments?post=48"}],"version-history":[{"count":2,"href":"http:\/\/eines-informatiques.recursos.uoc.edu\/introduccion-a-los-entornos-de-trabajo-gnu-linux\/es\/wp-json\/wp\/v2\/pages\/48\/revisions"}],"predecessor-version":[{"id":295,"href":"http:\/\/eines-informatiques.recursos.uoc.edu\/introduccion-a-los-entornos-de-trabajo-gnu-linux\/es\/wp-json\/wp\/v2\/pages\/48\/revisions\/295"}],"wp:attachment":[{"href":"http:\/\/eines-informatiques.recursos.uoc.edu\/introduccion-a-los-entornos-de-trabajo-gnu-linux\/es\/wp-json\/wp\/v2\/media?parent=48"}],"curies":[{"name":"wp","href":"https:\/\/api.w.org\/{rel}","templated":true}]}}