{"id":378,"date":"2023-09-01T11:44:13","date_gmt":"2023-09-01T09:44:13","guid":{"rendered":"http:\/\/eines-informatiques.recursos.uoc.edu\/introduccion-a-los-entornos-de-trabajo-gnu-linux\/?page_id=378"},"modified":"2023-10-25T13:42:52","modified_gmt":"2023-10-25T11:42:52","slug":"solucionario","status":"publish","type":"page","link":"http:\/\/eines-informatiques.recursos.uoc.edu\/introduccion-a-los-entornos-de-trabajo-gnu-linux\/es\/solucionario\/","title":{"rendered":"Solucionario"},"content":{"rendered":"<ol>\n<li>El procesador, la secuencia, los perif\u00e9ricos y el bus de comunicaciones.<\/li>\n<li>Programaci\u00f3n, compilaci\u00f3n, enlace y ejecuci\u00f3n.<\/li>\n<li>En ejecuci\u00f3n, en espera para ejecutarse, bloqueado.<\/li>\n<li>Abrir, cerrar, leer, escribir.<\/li>\n<li>El directorio ra\u00edz es \u00ab<code>\/<\/code>\u00bb, el directorio anterior es \u00ab..\u00bb y el actual es \u00ab .\u00bb.<\/li>\n<li>Existen tres dominios: usuario, grupo de trabajo y el resto de usuarios.<\/li>\n<li>Existen tres permisos: lectura, escritura y ejecuci\u00f3n.<\/li>\n<li>Proporciona acceso al manual del sistema.<\/li>\n<li>Los comandos <em><code>pwd<\/code><\/em><em>, <\/em><em><code>ls<\/code><\/em><em>, <\/em><em><code>cd<\/code><\/em> <em>.<\/em><\/li>\n<li>Los comandos <em><code>cp<\/code><\/em><em>, <\/em><em><code>rm<\/code><\/em><em>, <\/em><em><code>mv<\/code><\/em> y <em><code>mkdir<\/code><\/em>.<\/li>\n<li>Es el comando <em><code>chmod<\/code><\/em>.<\/li>\n<li>Los comandos <em><code>more<\/code><\/em><em>, <\/em><em><code>head<\/code><\/em><em>, <\/em><em><code>cat<\/code><\/em> y <em><code>tail<\/code><\/em>.<\/li>\n<li>Usando los comandos <em><code>gzip<\/code><\/em> y <em><code>tar<\/code><\/em>.<\/li>\n<li>El comando <em><code>history<\/code><\/em><em>.<\/em><\/li>\n<li>Los comandos <em><code>sort<\/code><\/em><em>, <\/em><em><code>uniq<\/code><\/em> y <em><code>join<\/code><\/em><em>.<\/em><\/li>\n<li>El comando <em><code>grep<\/code><\/em> realiza la b\u00fasqueda de patrones de texto.<\/li>\n<li>El operando | env\u00eda la informaci\u00f3n a otro proceso, mientras que el operando <code>&gt;<\/code> env\u00eda la informaci\u00f3n a un fichero, necesariamente.<\/li>\n<li>El bloque BEGIN ejecuta esas instrucciones antes de procesar el fichero, el bloque END ejecuta las instrucciones precisamente despu\u00e9s de finalizar este.<\/li>\n<li>La variable <code>$1<\/code> se refiere al primer atributo de cada registro o l\u00ednea. La variable <code>$0<\/code> contiene la l\u00ednea actual en curso. La variable <code>NR<\/code> almacena el n\u00famero de registros le\u00eddos, mientras que la variable <code>NF<\/code> cuenta el n\u00famero de columnas presente en cada l\u00ednea. <code>OFS<\/code> representa el car\u00e1cter que se emplear\u00e1 para separar campos en la salida, mientras que <code>FS<\/code> realiza la misma funci\u00f3n en la adquisici\u00f3n de los datos de entrada.<\/li>\n<li>Porque permiten ejecutar un n\u00famero (pr\u00e1cticamente) infinito de veces el mismo conjunto de tareas sobre m\u00faltiples grupos de datos sin asistencia del usuario.<\/li>\n<\/ol>\n","protected":false},"excerpt":{"rendered":"<p>El procesador, la secuencia, los perif\u00e9ricos y el bus de comunicaciones. Programaci\u00f3n, compilaci\u00f3n, enlace y ejecuci\u00f3n. En ejecuci\u00f3n, en espera para ejecutarse, bloqueado. Abrir, cerrar, leer, escribir. El directorio ra\u00edz es \u00ab\/\u00bb, el directorio anterior es \u00ab..\u00bb y el actual es \u00ab .\u00bb. Existen tres dominios: usuario, grupo de trabajo y el resto de usuarios. [&hellip;]<\/p>\n","protected":false},"author":1,"featured_media":0,"parent":0,"menu_order":0,"comment_status":"closed","ping_status":"closed","template":"","meta":[],"acf":[],"_links":{"self":[{"href":"http:\/\/eines-informatiques.recursos.uoc.edu\/introduccion-a-los-entornos-de-trabajo-gnu-linux\/es\/wp-json\/wp\/v2\/pages\/378"}],"collection":[{"href":"http:\/\/eines-informatiques.recursos.uoc.edu\/introduccion-a-los-entornos-de-trabajo-gnu-linux\/es\/wp-json\/wp\/v2\/pages"}],"about":[{"href":"http:\/\/eines-informatiques.recursos.uoc.edu\/introduccion-a-los-entornos-de-trabajo-gnu-linux\/es\/wp-json\/wp\/v2\/types\/page"}],"author":[{"embeddable":true,"href":"http:\/\/eines-informatiques.recursos.uoc.edu\/introduccion-a-los-entornos-de-trabajo-gnu-linux\/es\/wp-json\/wp\/v2\/users\/1"}],"replies":[{"embeddable":true,"href":"http:\/\/eines-informatiques.recursos.uoc.edu\/introduccion-a-los-entornos-de-trabajo-gnu-linux\/es\/wp-json\/wp\/v2\/comments?post=378"}],"version-history":[{"count":2,"href":"http:\/\/eines-informatiques.recursos.uoc.edu\/introduccion-a-los-entornos-de-trabajo-gnu-linux\/es\/wp-json\/wp\/v2\/pages\/378\/revisions"}],"predecessor-version":[{"id":893,"href":"http:\/\/eines-informatiques.recursos.uoc.edu\/introduccion-a-los-entornos-de-trabajo-gnu-linux\/es\/wp-json\/wp\/v2\/pages\/378\/revisions\/893"}],"wp:attachment":[{"href":"http:\/\/eines-informatiques.recursos.uoc.edu\/introduccion-a-los-entornos-de-trabajo-gnu-linux\/es\/wp-json\/wp\/v2\/media?parent=378"}],"curies":[{"name":"wp","href":"https:\/\/api.w.org\/{rel}","templated":true}]}}