{"id":374,"date":"2023-09-01T11:39:26","date_gmt":"2023-09-01T09:39:26","guid":{"rendered":"http:\/\/eines-informatiques.recursos.uoc.edu\/introduccion-a-los-entornos-de-trabajo-gnu-linux\/?page_id=374"},"modified":"2023-11-02T15:06:18","modified_gmt":"2023-11-02T13:06:18","slug":"ejercicios-de-autoevaluacion","status":"publish","type":"page","link":"http:\/\/eines-informatiques.recursos.uoc.edu\/introduccion-a-los-entornos-de-trabajo-gnu-linux\/es\/ejercicios-de-autoevaluacion\/","title":{"rendered":"Ejercicios de autoevaluaci\u00f3n"},"content":{"rendered":"<ol>\n<li>Enumerad los cuatro componentes b\u00e1sicos de una computadora.<\/li>\n<li>Enumerad las etapas principales de la generaci\u00f3n de un fichero ejecutable.<\/li>\n<li>Enumerad las etapas en la vida de un proceso.<\/li>\n<li>Enumerad las cuatro operaciones b\u00e1sicas con ficheros.<\/li>\n<li>Citad c\u00f3mo se codifican el directorio ra\u00edz, el directorio anterior y el actual.<\/li>\n<li>Enumerad los tres dominios de los usuarios.<\/li>\n<li>Describid las clases de permisos que se pueden asignar a un fichero.<\/li>\n<li>\u00bfPara qu\u00e9 es utilizado el comando <code>man<\/code> en el terminal?<\/li>\n<li>Enumerad los comandos del terminal para navegar por el sistema de ficheros.<\/li>\n<li>Enumerad varios comandos del terminal para gestionar el sistema de ficheros.<\/li>\n<li>Citad el comando para modificar los permisos sobre un fichero o un directorio.<\/li>\n<li>Enumerad algunos comandos para acceder al contenido de un fichero.<\/li>\n<li>\u00bfC\u00f3mo debemos acceder a ficheros previamente comprimidos desde el terminal?<\/li>\n<li>\u00bfC\u00f3mo debemos recuperar el listado de los comandos usados en una sesi\u00f3n?<\/li>\n<li>Enumerad los comandos adecuados para ordenar y combinar ficheros.<\/li>\n<li>Describid el comando empleado habitualmente para buscar patrones de texto.<\/li>\n<li>Citad la diferencia entre | o &gt; en la comunicaci\u00f3n entre procesos.<\/li>\n<li>Discutid la diferencia entre los bloques BEGIN y END en el lenguaje de programaci\u00f3n <em>gawk<\/em>.<\/li>\n<li>Explicad las siguientes variables de <em>gawk<\/em>: <code>$1<\/code>, <code>$0<\/code>, <code>NR<\/code>, <code>NF<\/code>, <code>OFS<\/code> y <code>FS<\/code>.<\/li>\n<li>\u00bfPor qu\u00e9 son enormemente \u00fatiles los protocolos de tareas automatizadas?<\/li>\n<\/ol>\n","protected":false},"excerpt":{"rendered":"<p>Enumerad los cuatro componentes b\u00e1sicos de una computadora. Enumerad las etapas principales de la generaci\u00f3n de un fichero ejecutable. Enumerad las etapas en la vida de un proceso. Enumerad las cuatro operaciones b\u00e1sicas con ficheros. Citad c\u00f3mo se codifican el directorio ra\u00edz, el directorio anterior y el actual. Enumerad los tres dominios de los usuarios. [&hellip;]<\/p>\n","protected":false},"author":1,"featured_media":0,"parent":0,"menu_order":0,"comment_status":"closed","ping_status":"closed","template":"","meta":[],"acf":[],"_links":{"self":[{"href":"http:\/\/eines-informatiques.recursos.uoc.edu\/introduccion-a-los-entornos-de-trabajo-gnu-linux\/es\/wp-json\/wp\/v2\/pages\/374"}],"collection":[{"href":"http:\/\/eines-informatiques.recursos.uoc.edu\/introduccion-a-los-entornos-de-trabajo-gnu-linux\/es\/wp-json\/wp\/v2\/pages"}],"about":[{"href":"http:\/\/eines-informatiques.recursos.uoc.edu\/introduccion-a-los-entornos-de-trabajo-gnu-linux\/es\/wp-json\/wp\/v2\/types\/page"}],"author":[{"embeddable":true,"href":"http:\/\/eines-informatiques.recursos.uoc.edu\/introduccion-a-los-entornos-de-trabajo-gnu-linux\/es\/wp-json\/wp\/v2\/users\/1"}],"replies":[{"embeddable":true,"href":"http:\/\/eines-informatiques.recursos.uoc.edu\/introduccion-a-los-entornos-de-trabajo-gnu-linux\/es\/wp-json\/wp\/v2\/comments?post=374"}],"version-history":[{"count":4,"href":"http:\/\/eines-informatiques.recursos.uoc.edu\/introduccion-a-los-entornos-de-trabajo-gnu-linux\/es\/wp-json\/wp\/v2\/pages\/374\/revisions"}],"predecessor-version":[{"id":990,"href":"http:\/\/eines-informatiques.recursos.uoc.edu\/introduccion-a-los-entornos-de-trabajo-gnu-linux\/es\/wp-json\/wp\/v2\/pages\/374\/revisions\/990"}],"wp:attachment":[{"href":"http:\/\/eines-informatiques.recursos.uoc.edu\/introduccion-a-los-entornos-de-trabajo-gnu-linux\/es\/wp-json\/wp\/v2\/media?parent=374"}],"curies":[{"name":"wp","href":"https:\/\/api.w.org\/{rel}","templated":true}]}}