{"id":258,"date":"2023-08-31T13:04:55","date_gmt":"2023-08-31T11:04:55","guid":{"rendered":"http:\/\/eines-informatiques.recursos.uoc.edu\/introduccion-a-los-entornos-de-trabajo-gnu-linux\/?page_id=258"},"modified":"2023-08-31T19:38:29","modified_gmt":"2023-08-31T17:38:29","slug":"1-13-1-introduccion","status":"publish","type":"page","link":"http:\/\/eines-informatiques.recursos.uoc.edu\/introduccion-a-los-entornos-de-trabajo-gnu-linux\/es\/1-13-1-introduccion\/","title":{"rendered":"1.13.1. Introducci\u00f3n"},"content":{"rendered":"<p>AWK es un lenguaje de programaci\u00f3n usado para procesar datos de texto. El nombre AWK proviene de las iniciales de los apellidos de sus autores: Alfred Aho, Peter Weinberger y Brian Kernighan. Y el comando <code>awk<\/code>\u00a0es el programa de Gnu\/Linux que interpreta el lenguaje de programaci\u00f3n AWK. AWK fue creado para reemplazar los algoritmos escritos en C para el an\u00e1lisis de texto. Gan\u00f3 popularidad r\u00e1pidamente en Gnu\/Linux y se considera una de las utilidades necesarias del sistema operativo. El comando <code>awk<\/code> fue portado a GNU en 1986, y se llam\u00f3 <em>gawk<\/em>. Actualmente, Arnold Robins es el principal mantenedor del c\u00f3digo y la documentaci\u00f3n de <em>gawk<\/em>. En sistemas modernos de Gnu\/Linux, la llamada al int\u00e9rprete de comandos <code>awk<\/code> est\u00e1 ligada a <code>gawk<\/code><em>.<\/em><\/p>\n<p>Hasta ahora se han visto comandos para acceder al contenido de ficheros de texto organizados en filas y columnas. A veces, es necesario acceder a campos espec\u00edficos o realizar c\u00e1lculos en algunos registros. GAWK es un lenguaje de programaci\u00f3n que permite realizar estas operaciones en ficheros de texto. GAWK procesa los registros y genera una nueva l\u00ednea de resultados. Las variables predefinidas en GAWK permiten acceder selectivamente a la informaci\u00f3n.<\/p>\n","protected":false},"excerpt":{"rendered":"<p>AWK es un lenguaje de programaci\u00f3n usado para procesar datos de texto. El nombre AWK proviene de las iniciales de los apellidos de sus autores: Alfred Aho, Peter Weinberger y Brian Kernighan. Y el comando awk\u00a0es el programa de Gnu\/Linux que interpreta el lenguaje de programaci\u00f3n AWK. AWK fue creado para reemplazar los algoritmos escritos [&hellip;]<\/p>\n","protected":false},"author":1,"featured_media":0,"parent":0,"menu_order":0,"comment_status":"closed","ping_status":"closed","template":"","meta":[],"acf":[],"_links":{"self":[{"href":"http:\/\/eines-informatiques.recursos.uoc.edu\/introduccion-a-los-entornos-de-trabajo-gnu-linux\/es\/wp-json\/wp\/v2\/pages\/258"}],"collection":[{"href":"http:\/\/eines-informatiques.recursos.uoc.edu\/introduccion-a-los-entornos-de-trabajo-gnu-linux\/es\/wp-json\/wp\/v2\/pages"}],"about":[{"href":"http:\/\/eines-informatiques.recursos.uoc.edu\/introduccion-a-los-entornos-de-trabajo-gnu-linux\/es\/wp-json\/wp\/v2\/types\/page"}],"author":[{"embeddable":true,"href":"http:\/\/eines-informatiques.recursos.uoc.edu\/introduccion-a-los-entornos-de-trabajo-gnu-linux\/es\/wp-json\/wp\/v2\/users\/1"}],"replies":[{"embeddable":true,"href":"http:\/\/eines-informatiques.recursos.uoc.edu\/introduccion-a-los-entornos-de-trabajo-gnu-linux\/es\/wp-json\/wp\/v2\/comments?post=258"}],"version-history":[{"count":3,"href":"http:\/\/eines-informatiques.recursos.uoc.edu\/introduccion-a-los-entornos-de-trabajo-gnu-linux\/es\/wp-json\/wp\/v2\/pages\/258\/revisions"}],"predecessor-version":[{"id":323,"href":"http:\/\/eines-informatiques.recursos.uoc.edu\/introduccion-a-los-entornos-de-trabajo-gnu-linux\/es\/wp-json\/wp\/v2\/pages\/258\/revisions\/323"}],"wp:attachment":[{"href":"http:\/\/eines-informatiques.recursos.uoc.edu\/introduccion-a-los-entornos-de-trabajo-gnu-linux\/es\/wp-json\/wp\/v2\/media?parent=258"}],"curies":[{"name":"wp","href":"https:\/\/api.w.org\/{rel}","templated":true}]}}