{"id":646,"date":"2023-10-23T11:09:34","date_gmt":"2023-10-23T09:09:34","guid":{"rendered":"http:\/\/eines-informatiques.recursos.uoc.edu\/gestion-de-datos\/?page_id=646"},"modified":"2023-10-23T11:09:34","modified_gmt":"2023-10-23T09:09:34","slug":"activitats","status":"publish","type":"page","link":"http:\/\/eines-informatiques.recursos.uoc.edu\/gestion-de-datos\/activitats\/","title":{"rendered":"Activitats"},"content":{"rendered":"<ol>\n<li>Portem a la pr\u00e0ctica sobre el teu propi SGBD MySQL els exemples mostrats durant aquest m\u00f2dul. Intentem enriquir cada base de dades amb noves taules que modelin entitats o relacions que no apareixien originalment en els casos estudiats. Ampliem el conjunt d\u2019atributs de les taules per descriure amb m\u00e9s precisi\u00f3 les inst\u00e0ncies reals que es mostren al llarg del text.<\/li>\n<li>Dissenyem una base de dades per emmagatzemar informaci\u00f3 sobre un entorn complex natural que ens agradaria modelar: un ecosistema, el cos hum\u00e0, la c\u00e8l\u00b7lula o l\u2019univers. Reflexionem sobre les entitats, els seus atributs i les relacions entre aquestes, que s\u00f3n necess\u00e0ries en cada cas per especificar aquest model. Repetim l\u2019exercici amb un entorn generat per l\u2019\u00e9sser hum\u00e0 (per exemple, un autom\u00f2bil).<\/li>\n<li>Implementem una base de dades a MySQL que permeti portar el registre de totes les activitats d\u2019un servidor web gen\u00e8ric que rep peticions per executar una s\u00e8rie de serveis: p\u00e0gines m\u00e9s visitades, tipus de serveis sol\u00b7licitat, volum de dades, temps de resposta, usuaris, nombre de p\u00e0gines consultades per client, adre\u00e7a IP i nom de la m\u00e0quina, pa\u00eds de proced\u00e8ncia, etc.<\/li>\n<li>Ampliem el nostre cat\u00e0leg de gens pensant en futures ampliacions. Podem afegir-hi una entitat PROTE\u00cfNES per emmagatzemar informaci\u00f3 estructural o sobre dominis funcionals. Tamb\u00e9 seria interessant incorporar-hi una entitat CROMOSOMES, relacionada amb la taula GENOMAS, on guardar altres caracter\u00edstiques, com el nombre de bases o el contingut en G + C.<\/li>\n<li>Importem alguns fitxers JSON que ens proporciona UCSC Genome Browser <a href=\"https:\/\/genome.ucsc.edu\/goldenPath\/help\/api.html#REST\" target=\"_blank\" rel=\"noopener\">https:\/\/genome.ucsc.edu\/goldenPath\/help\/api.html#REST<\/a> a MongoDB creant per a cadascun d\u2019ells una base de dades nova i una nova col\u00b7lecci\u00f3. Realitzem alguna consulta simple a les col\u00b7leccions i alguna consulta en un document situat en un camp <em>array<\/em> de documents.<\/li>\n<\/ol>\n","protected":false},"excerpt":{"rendered":"<p>Portem a la pr\u00e0ctica sobre el teu propi SGBD MySQL els exemples mostrats durant aquest m\u00f2dul. Intentem enriquir cada base de dades amb noves taules que modelin entitats o relacions que no apareixien originalment en els casos estudiats. Ampliem el conjunt d\u2019atributs de les taules per descriure amb m\u00e9s precisi\u00f3 les inst\u00e0ncies reals que es [&hellip;]<\/p>\n","protected":false},"author":1,"featured_media":0,"parent":0,"menu_order":0,"comment_status":"closed","ping_status":"closed","template":"","meta":[],"acf":[],"_links":{"self":[{"href":"http:\/\/eines-informatiques.recursos.uoc.edu\/gestion-de-datos\/wp-json\/wp\/v2\/pages\/646"}],"collection":[{"href":"http:\/\/eines-informatiques.recursos.uoc.edu\/gestion-de-datos\/wp-json\/wp\/v2\/pages"}],"about":[{"href":"http:\/\/eines-informatiques.recursos.uoc.edu\/gestion-de-datos\/wp-json\/wp\/v2\/types\/page"}],"author":[{"embeddable":true,"href":"http:\/\/eines-informatiques.recursos.uoc.edu\/gestion-de-datos\/wp-json\/wp\/v2\/users\/1"}],"replies":[{"embeddable":true,"href":"http:\/\/eines-informatiques.recursos.uoc.edu\/gestion-de-datos\/wp-json\/wp\/v2\/comments?post=646"}],"version-history":[{"count":2,"href":"http:\/\/eines-informatiques.recursos.uoc.edu\/gestion-de-datos\/wp-json\/wp\/v2\/pages\/646\/revisions"}],"predecessor-version":[{"id":648,"href":"http:\/\/eines-informatiques.recursos.uoc.edu\/gestion-de-datos\/wp-json\/wp\/v2\/pages\/646\/revisions\/648"}],"wp:attachment":[{"href":"http:\/\/eines-informatiques.recursos.uoc.edu\/gestion-de-datos\/wp-json\/wp\/v2\/media?parent=646"}],"curies":[{"name":"wp","href":"https:\/\/api.w.org\/{rel}","templated":true}]}}