{"id":577,"date":"2023-10-23T09:21:55","date_gmt":"2023-10-23T07:21:55","guid":{"rendered":"http:\/\/eines-informatiques.recursos.uoc.edu\/gestion-de-datos\/?page_id=577"},"modified":"2023-10-23T09:22:36","modified_gmt":"2023-10-23T07:22:36","slug":"2-1-introduccio","status":"publish","type":"page","link":"http:\/\/eines-informatiques.recursos.uoc.edu\/gestion-de-datos\/2-1-introduccio\/","title":{"rendered":"2.1. Introducci\u00f3"},"content":{"rendered":"<p>Les bases de dades relacionals s\u00f3n molt eficients i mantenen la integritat de les dades, per\u00f2 tenen limitacions per gestionar amb rapidesa grans volums d\u2019informaci\u00f3.<\/p>\n<p>Les bases de dades relacionals escalen de forma vertical. Per cr\u00e9ixer necessiten que els servidors tinguin m\u00e9s capacitat.<\/p>\n<p>MySQL \u00e9s un dels SGBD m\u00e9s utilitzats per a projectes web, per\u00f2 les noves aplicacions web es caracteritzen per haver de gestionar un immens volum d\u2019informaci\u00f3 i gran quantitat de dades.<\/p>\n<p>Per afrontar aquest nou repte de gesti\u00f3 de les dades, van apar\u00e8ixer les bases de dades no relacionals, conegudes tamb\u00e9 com NoSQL o Not Only SQL, i anomenades aix\u00ed perqu\u00e8 no depenen \u00fanicament del llenguatge estructurat SQL.<\/p>\n<p>Les bases de dades no relacionals poden escalar de forma horitzontal, permeten la distribuci\u00f3 dels processos de treball i conjunts de dades en m\u00faltiples servidors. D\u2019aquesta manera \u00e9s possible que l\u2019escalabilitat d\u2019aquestes bases de dades sigui pr\u00e0cticament il\u00b7limitada.<\/p>\n<p>Les bases de dades NoSQL es classifiquen com de clau\/valor, orientades a documents, grafs, o de fam\u00edlies de columnes.<\/p>\n<p>En aquest m\u00f2dul ens centrarem en les bases de dades no relacionals orientades a documents, concretament a documents en format JSON.<\/p>\n","protected":false},"excerpt":{"rendered":"<p>Les bases de dades relacionals s\u00f3n molt eficients i mantenen la integritat de les dades, per\u00f2 tenen limitacions per gestionar amb rapidesa grans volums d\u2019informaci\u00f3. Les bases de dades relacionals escalen de forma vertical. Per cr\u00e9ixer necessiten que els servidors tinguin m\u00e9s capacitat. MySQL \u00e9s un dels SGBD m\u00e9s utilitzats per a projectes web, per\u00f2 [&hellip;]<\/p>\n","protected":false},"author":1,"featured_media":0,"parent":0,"menu_order":0,"comment_status":"closed","ping_status":"closed","template":"","meta":[],"acf":[],"_links":{"self":[{"href":"http:\/\/eines-informatiques.recursos.uoc.edu\/gestion-de-datos\/wp-json\/wp\/v2\/pages\/577"}],"collection":[{"href":"http:\/\/eines-informatiques.recursos.uoc.edu\/gestion-de-datos\/wp-json\/wp\/v2\/pages"}],"about":[{"href":"http:\/\/eines-informatiques.recursos.uoc.edu\/gestion-de-datos\/wp-json\/wp\/v2\/types\/page"}],"author":[{"embeddable":true,"href":"http:\/\/eines-informatiques.recursos.uoc.edu\/gestion-de-datos\/wp-json\/wp\/v2\/users\/1"}],"replies":[{"embeddable":true,"href":"http:\/\/eines-informatiques.recursos.uoc.edu\/gestion-de-datos\/wp-json\/wp\/v2\/comments?post=577"}],"version-history":[{"count":2,"href":"http:\/\/eines-informatiques.recursos.uoc.edu\/gestion-de-datos\/wp-json\/wp\/v2\/pages\/577\/revisions"}],"predecessor-version":[{"id":579,"href":"http:\/\/eines-informatiques.recursos.uoc.edu\/gestion-de-datos\/wp-json\/wp\/v2\/pages\/577\/revisions\/579"}],"wp:attachment":[{"href":"http:\/\/eines-informatiques.recursos.uoc.edu\/gestion-de-datos\/wp-json\/wp\/v2\/media?parent=577"}],"curies":[{"name":"wp","href":"https:\/\/api.w.org\/{rel}","templated":true}]}}