{"id":509,"date":"2023-10-19T13:25:48","date_gmt":"2023-10-19T11:25:48","guid":{"rendered":"http:\/\/eines-informatiques.recursos.uoc.edu\/gestion-de-datos\/?page_id=509"},"modified":"2023-10-19T13:25:48","modified_gmt":"2023-10-19T11:25:48","slug":"1-3-el-llenguatge-sql-i-el-sgbd-mysql","status":"publish","type":"page","link":"http:\/\/eines-informatiques.recursos.uoc.edu\/gestion-de-datos\/1-3-el-llenguatge-sql-i-el-sgbd-mysql\/","title":{"rendered":"1.3. El llenguatge SQL i el SGBD MySQL"},"content":{"rendered":"<p>L\u2019SQL (en angl\u00e8s, <em>Structured Query Language<\/em>, \u2018llenguatge de consultes estructurades\u2019) \u00e9s el llenguatge d\u2019acc\u00e9s a les bases de dades relacionals m\u00e9s est\u00e8s. Amb aquest sistema, el client especifica les instruccions per crear, dotar de contingut, modificar o eliminar les taules de la base de dades, i realitzar les consultes.<\/p>\n<p>Per treballar amb el llenguatge SQL \u00e9s necessari disposar d\u2019un sistema gestor de bases de dades (SGBD), una aplicaci\u00f3 inform\u00e0tica normalment basada en el model client-servidor per administrar bases de dades relacionals.<\/p>\n<p>Existeixen diferents SGBD, com Oracle, PostgreSQ&#8230; En aquest m\u00f2dul farem servir el SGBD MySQL. A Linux, el servidor MySQL funciona en segon pla, sense interferir en la planificaci\u00f3 de processos del sistema. D\u2019aquesta manera, quan l\u2019usuari desitja utilitzar la base de dades, s\u2019ha de connectar amb l\u2019aplicaci\u00f3 gestora mitjan\u00e7ant un programa client, a trav\u00e9s d\u2019un entorn gr\u00e0fic o des del propi terminal amb l\u2019int\u00e8rpret d\u2019ordres de SQL, denominat <strong>mysql<\/strong>.<\/p>\n<p>SQL va ser comercialitzat per IBM el 1981. MySQL \u00e9s un gestor distribu\u00eft per Oracle sota llic\u00e8ncia GNU o comercial.<\/p>\n","protected":false},"excerpt":{"rendered":"<p>L\u2019SQL (en angl\u00e8s, Structured Query Language, \u2018llenguatge de consultes estructurades\u2019) \u00e9s el llenguatge d\u2019acc\u00e9s a les bases de dades relacionals m\u00e9s est\u00e8s. Amb aquest sistema, el client especifica les instruccions per crear, dotar de contingut, modificar o eliminar les taules de la base de dades, i realitzar les consultes. Per treballar amb el llenguatge SQL [&hellip;]<\/p>\n","protected":false},"author":1,"featured_media":0,"parent":0,"menu_order":0,"comment_status":"closed","ping_status":"closed","template":"","meta":[],"acf":[],"_links":{"self":[{"href":"http:\/\/eines-informatiques.recursos.uoc.edu\/gestion-de-datos\/wp-json\/wp\/v2\/pages\/509"}],"collection":[{"href":"http:\/\/eines-informatiques.recursos.uoc.edu\/gestion-de-datos\/wp-json\/wp\/v2\/pages"}],"about":[{"href":"http:\/\/eines-informatiques.recursos.uoc.edu\/gestion-de-datos\/wp-json\/wp\/v2\/types\/page"}],"author":[{"embeddable":true,"href":"http:\/\/eines-informatiques.recursos.uoc.edu\/gestion-de-datos\/wp-json\/wp\/v2\/users\/1"}],"replies":[{"embeddable":true,"href":"http:\/\/eines-informatiques.recursos.uoc.edu\/gestion-de-datos\/wp-json\/wp\/v2\/comments?post=509"}],"version-history":[{"count":2,"href":"http:\/\/eines-informatiques.recursos.uoc.edu\/gestion-de-datos\/wp-json\/wp\/v2\/pages\/509\/revisions"}],"predecessor-version":[{"id":511,"href":"http:\/\/eines-informatiques.recursos.uoc.edu\/gestion-de-datos\/wp-json\/wp\/v2\/pages\/509\/revisions\/511"}],"wp:attachment":[{"href":"http:\/\/eines-informatiques.recursos.uoc.edu\/gestion-de-datos\/wp-json\/wp\/v2\/media?parent=509"}],"curies":[{"name":"wp","href":"https:\/\/api.w.org\/{rel}","templated":true}]}}