{"id":491,"date":"2023-10-19T12:46:27","date_gmt":"2023-10-19T10:46:27","guid":{"rendered":"http:\/\/eines-informatiques.recursos.uoc.edu\/gestion-de-datos\/?page_id=491"},"modified":"2023-10-19T12:46:27","modified_gmt":"2023-10-19T10:46:27","slug":"objectius","status":"publish","type":"page","link":"http:\/\/eines-informatiques.recursos.uoc.edu\/gestion-de-datos\/objectius\/","title":{"rendered":"Objectius"},"content":{"rendered":"<ol>\n<li>Con\u00e8ixer el model entitat-relaci\u00f3 per dissenyar bases de dades.<\/li>\n<li>Dominar la conversi\u00f3 d\u2019entitats i relacions en taules amb atributs.<\/li>\n<li>Crear i administrar una base de dades amb MySQL.<\/li>\n<li>Entendre les caracter\u00edstiques b\u00e0siques del llenguatge SQL.<\/li>\n<li>Crear i poblar amb registres reals les taules SQL.<\/li>\n<li>Realitzar consultes SQL a una base de dades relacional.<\/li>\n<li>Con\u00e8ixer la utilitat dels subprogrames emmagatzemats, procediments, funcions i disparadors (Triggers).<\/li>\n<li>Iniciar-se amb els fitxers JSON i el SGBD NoSQL MongoDB.<\/li>\n<li>Administrar un sistema de gesti\u00f3 de base de dades.<\/li>\n<\/ol>\n","protected":false},"excerpt":{"rendered":"<p>Con\u00e8ixer el model entitat-relaci\u00f3 per dissenyar bases de dades. Dominar la conversi\u00f3 d\u2019entitats i relacions en taules amb atributs. Crear i administrar una base de dades amb MySQL. Entendre les caracter\u00edstiques b\u00e0siques del llenguatge SQL. Crear i poblar amb registres reals les taules SQL. Realitzar consultes SQL a una base de dades relacional. Con\u00e8ixer la [&hellip;]<\/p>\n","protected":false},"author":1,"featured_media":0,"parent":0,"menu_order":0,"comment_status":"closed","ping_status":"closed","template":"","meta":[],"acf":[],"_links":{"self":[{"href":"http:\/\/eines-informatiques.recursos.uoc.edu\/gestion-de-datos\/wp-json\/wp\/v2\/pages\/491"}],"collection":[{"href":"http:\/\/eines-informatiques.recursos.uoc.edu\/gestion-de-datos\/wp-json\/wp\/v2\/pages"}],"about":[{"href":"http:\/\/eines-informatiques.recursos.uoc.edu\/gestion-de-datos\/wp-json\/wp\/v2\/types\/page"}],"author":[{"embeddable":true,"href":"http:\/\/eines-informatiques.recursos.uoc.edu\/gestion-de-datos\/wp-json\/wp\/v2\/users\/1"}],"replies":[{"embeddable":true,"href":"http:\/\/eines-informatiques.recursos.uoc.edu\/gestion-de-datos\/wp-json\/wp\/v2\/comments?post=491"}],"version-history":[{"count":2,"href":"http:\/\/eines-informatiques.recursos.uoc.edu\/gestion-de-datos\/wp-json\/wp\/v2\/pages\/491\/revisions"}],"predecessor-version":[{"id":493,"href":"http:\/\/eines-informatiques.recursos.uoc.edu\/gestion-de-datos\/wp-json\/wp\/v2\/pages\/491\/revisions\/493"}],"wp:attachment":[{"href":"http:\/\/eines-informatiques.recursos.uoc.edu\/gestion-de-datos\/wp-json\/wp\/v2\/media?parent=491"}],"curies":[{"name":"wp","href":"https:\/\/api.w.org\/{rel}","templated":true}]}}