{"id":487,"date":"2023-10-19T12:44:42","date_gmt":"2023-10-19T10:44:42","guid":{"rendered":"http:\/\/eines-informatiques.recursos.uoc.edu\/gestion-de-datos\/?page_id=487"},"modified":"2023-10-19T12:44:42","modified_gmt":"2023-10-19T10:44:42","slug":"introduccio","status":"publish","type":"page","link":"http:\/\/eines-informatiques.recursos.uoc.edu\/gestion-de-datos\/","title":{"rendered":"Introducci\u00f3"},"content":{"rendered":"<p>Els fitxers s\u00f3n les unitats l\u00f2giques d\u2019informaci\u00f3 persistent dins d\u2019un ordinador. Com que manquen d\u2019estructura pr\u00f2pia, \u00e9s el programador qui estableix com organitzar la informaci\u00f3 en el seu interior (per exemple, fitxers FASTA, XML o JSON).<\/p>\n<p>Mitjan\u00e7ant les ordres apropiades del terminal o l\u00ednia d\u2019ordres, podem analitzar el contingut dels fitxers d\u2019una manera relativament eficient i c\u00f2mode. En el m\u00f2dul \u00abIntroducci\u00f3 als entorns de treball GNU\/Linux\u00bb hem treballat amb ordres del terminal per gestionar la informaci\u00f3 emmagatzemada en fitxers de text que contenen anotacions biol\u00f2giques. Tanmateix, quan el volum d\u2019informaci\u00f3 excedeix certs l\u00edmits, com \u00e9s el cas de l\u2019anotaci\u00f3 completa d\u2019un genoma, i s\u2019incrementa el nombre de persones involucrades en un projecte de recerca, cal organitzar i estructurar la informaci\u00f3 en una base de dades i gestionar-la utilitzant un programa especialitzat, tamb\u00e9 anomenat Sistema de Gesti\u00f3 de Bases de Dades (SGBD).<\/p>\n<p>Un SGBD \u00e9s l\u2019eina id\u00f2nia per administrar eficientment elevades quantitats de registres o dades. La responsabilitat sobre la gesti\u00f3 i els formats interns de les dades correspon al sistema, la qual cosa allibera el propi usuari d\u2019aquestes tasques.<\/p>\n<p>Amb un sistema de gesti\u00f3 de la informaci\u00f3 tindrem a la nostra disposici\u00f3 un conjunt d\u2019eines i instruccions que ens permetran extreure nou coneixement de tota aquesta informaci\u00f3.<\/p>\n<p>En aquest m\u00f2dul veurem dos models de gesti\u00f3 de les dades, el model relacional basat en el llenguatge SQL, i utilitzarem el SGBD MySQL, i el model no relacional, tamb\u00e9 anomenat NoSQL, i utilitzarem el SGBD MongoDB basat en col\u00b7leccions de documents.<\/p>\n","protected":false},"excerpt":{"rendered":"<p>Els fitxers s\u00f3n les unitats l\u00f2giques d\u2019informaci\u00f3 persistent dins d\u2019un ordinador. Com que manquen d\u2019estructura pr\u00f2pia, \u00e9s el programador qui estableix com organitzar la informaci\u00f3 en el seu interior (per exemple, fitxers FASTA, XML o JSON). Mitjan\u00e7ant les ordres apropiades del terminal o l\u00ednia d\u2019ordres, podem analitzar el contingut dels fitxers d\u2019una manera relativament eficient [&hellip;]<\/p>\n","protected":false},"author":1,"featured_media":0,"parent":0,"menu_order":0,"comment_status":"closed","ping_status":"closed","template":"","meta":[],"acf":[],"_links":{"self":[{"href":"http:\/\/eines-informatiques.recursos.uoc.edu\/gestion-de-datos\/wp-json\/wp\/v2\/pages\/487"}],"collection":[{"href":"http:\/\/eines-informatiques.recursos.uoc.edu\/gestion-de-datos\/wp-json\/wp\/v2\/pages"}],"about":[{"href":"http:\/\/eines-informatiques.recursos.uoc.edu\/gestion-de-datos\/wp-json\/wp\/v2\/types\/page"}],"author":[{"embeddable":true,"href":"http:\/\/eines-informatiques.recursos.uoc.edu\/gestion-de-datos\/wp-json\/wp\/v2\/users\/1"}],"replies":[{"embeddable":true,"href":"http:\/\/eines-informatiques.recursos.uoc.edu\/gestion-de-datos\/wp-json\/wp\/v2\/comments?post=487"}],"version-history":[{"count":2,"href":"http:\/\/eines-informatiques.recursos.uoc.edu\/gestion-de-datos\/wp-json\/wp\/v2\/pages\/487\/revisions"}],"predecessor-version":[{"id":489,"href":"http:\/\/eines-informatiques.recursos.uoc.edu\/gestion-de-datos\/wp-json\/wp\/v2\/pages\/487\/revisions\/489"}],"wp:attachment":[{"href":"http:\/\/eines-informatiques.recursos.uoc.edu\/gestion-de-datos\/wp-json\/wp\/v2\/media?parent=487"}],"curies":[{"name":"wp","href":"https:\/\/api.w.org\/{rel}","templated":true}]}}