{"id":52,"date":"2023-09-02T16:46:56","date_gmt":"2023-09-02T14:46:56","guid":{"rendered":"http:\/\/eines-informatiques.recursos.uoc.edu\/gestion-de-datos\/?page_id=52"},"modified":"2023-09-02T16:46:56","modified_gmt":"2023-09-02T14:46:56","slug":"objetivos","status":"publish","type":"page","link":"http:\/\/eines-informatiques.recursos.uoc.edu\/gestion-de-datos\/es\/objetivos\/","title":{"rendered":"Objetivos"},"content":{"rendered":"<ol>\n<li>Conocer el modelo entidad-relaci\u00f3n para dise\u00f1ar bases de datos.<\/li>\n<li>Dominar la conversi\u00f3n de entidades y relaciones en tablas con atributos.<\/li>\n<li>Crear y administrar una base de datos con MySQL.<\/li>\n<li>Entender las caracter\u00edsticas b\u00e1sicas del lenguaje SQL.<\/li>\n<li>Crear y poblar con registros reales las tablas SQL.<\/li>\n<li>Realizar consultas SQL a una base de datos relacional.<\/li>\n<li>Conocer la utilidad de los subprogramas almacenados, procedimientos, funciones y disparadores (Triggers).<\/li>\n<li>Iniciarse con los ficheros JSON y el SGBD NoSQL MongoDB.<\/li>\n<li>Administrar un sistema de gesti\u00f3n de base de datos.<\/li>\n<\/ol>\n","protected":false},"excerpt":{"rendered":"<p>Conocer el modelo entidad-relaci\u00f3n para dise\u00f1ar bases de datos. Dominar la conversi\u00f3n de entidades y relaciones en tablas con atributos. Crear y administrar una base de datos con MySQL. Entender las caracter\u00edsticas b\u00e1sicas del lenguaje SQL. Crear y poblar con registros reales las tablas SQL. Realizar consultas SQL a una base de datos relacional. Conocer [&hellip;]<\/p>\n","protected":false},"author":1,"featured_media":0,"parent":0,"menu_order":0,"comment_status":"closed","ping_status":"closed","template":"","meta":[],"acf":[],"_links":{"self":[{"href":"http:\/\/eines-informatiques.recursos.uoc.edu\/gestion-de-datos\/es\/wp-json\/wp\/v2\/pages\/52"}],"collection":[{"href":"http:\/\/eines-informatiques.recursos.uoc.edu\/gestion-de-datos\/es\/wp-json\/wp\/v2\/pages"}],"about":[{"href":"http:\/\/eines-informatiques.recursos.uoc.edu\/gestion-de-datos\/es\/wp-json\/wp\/v2\/types\/page"}],"author":[{"embeddable":true,"href":"http:\/\/eines-informatiques.recursos.uoc.edu\/gestion-de-datos\/es\/wp-json\/wp\/v2\/users\/1"}],"replies":[{"embeddable":true,"href":"http:\/\/eines-informatiques.recursos.uoc.edu\/gestion-de-datos\/es\/wp-json\/wp\/v2\/comments?post=52"}],"version-history":[{"count":1,"href":"http:\/\/eines-informatiques.recursos.uoc.edu\/gestion-de-datos\/es\/wp-json\/wp\/v2\/pages\/52\/revisions"}],"predecessor-version":[{"id":53,"href":"http:\/\/eines-informatiques.recursos.uoc.edu\/gestion-de-datos\/es\/wp-json\/wp\/v2\/pages\/52\/revisions\/53"}],"wp:attachment":[{"href":"http:\/\/eines-informatiques.recursos.uoc.edu\/gestion-de-datos\/es\/wp-json\/wp\/v2\/media?parent=52"}],"curies":[{"name":"wp","href":"https:\/\/api.w.org\/{rel}","templated":true}]}}