{"id":410,"date":"2023-09-04T11:18:32","date_gmt":"2023-09-04T09:18:32","guid":{"rendered":"http:\/\/eines-informatiques.recursos.uoc.edu\/gestion-de-datos\/?page_id=410"},"modified":"2023-09-05T13:09:05","modified_gmt":"2023-09-05T11:09:05","slug":"ejercicios-de-autoevaluacion","status":"publish","type":"page","link":"http:\/\/eines-informatiques.recursos.uoc.edu\/gestion-de-datos\/es\/ejercicios-de-autoevaluacion\/","title":{"rendered":"Ejercicios de autoevaluaci\u00f3n"},"content":{"rendered":"<ol>\n<li>\u00a0\u00a0Definid el modelo entidad-relaci\u00f3n en el dise\u00f1o de bases de datos.<\/li>\n<li>\u00a0\u00a0Describid las diferencias entre bases de datos y gestores de base de datos.<\/li>\n<li>\u00a0\u00a0Describid qu\u00e9 es una tabla en el modelo relacional.<\/li>\n<li>\u00a0\u00a0\u00bfQu\u00e9 son las claves primarias?<\/li>\n<li>\u00a0\u00a0\u00bfQu\u00e9 son las claves for\u00e1neas?<\/li>\n<li>\u00a0 Definid qu\u00e9 es una relaci\u00f3n 1:N.<\/li>\n<li>\u00a0\u00a0Recordad qu\u00e9 s\u00edmbolo deb\u00e9is emplear siempre al final de cada comando SQL.<\/li>\n<li>\u00a0\u00a0Mencionad cinco comandos esenciales del lenguaje SQL.<\/li>\n<li>\u00a0\u00a0Describid el comando de SQL para explorar el contenido de las tablas.<\/li>\n<li>\u00a0\u00a0\u00bfQu\u00e9 tipo de operaciones se realizan sobre registros agrupados?<\/li>\n<li>\u00a0\u00a0Diferenciad entre los comandos DISTINCT y LIMIT.<\/li>\n<li>\u00a0\u00a0Enumerad los tres tipos de uniones a realizar entre dos tablas.<\/li>\n<li>\u00a0\u00a0Definid la utilidad de una subconsulta.<\/li>\n<li>\u00a0\u00a0\u00bfQu\u00e9 dos comandos son \u00fatiles para borrar tablas, en qu\u00e9 se diferencian?<\/li>\n<li>\u00a0\u00a0Indicad la instrucci\u00f3n de SQL para ejecutar un fichero de comandos.<\/li>\n<li>\u00a0\u00a0Indicad la instrucci\u00f3n de SQL para cargar un fichero de datos.<\/li>\n<li>\u00a0\u00a0\u00bfQu\u00e9 formato cumplen los ficheros de texto para ser empleados de ese modo?<\/li>\n<li>\u00a0\u00a0Indicad el programa de GNU\/Linux que copia una base de datos en un fichero.<\/li>\n<li>\u00a0\u00a0\u00bfC\u00f3mo puede iniciarse el cliente de MySQL desde la l\u00ednea de comandos?<\/li>\n<li>\u00a0\u00bfC\u00f3mo se conceden autorizaciones a un usuario sobre una base de datos MySQL?<\/li>\n<li>\u00bfC\u00f3mo se muestra un documento con un formato m\u00e1s legible?<\/li>\n<li>\u00bfC\u00f3mo se crea una nueva colecci\u00f3n de documentos en MongoDB?<\/li>\n<li>\u00bfC\u00f3mo se cuentan los documentos de una colecci\u00f3n en MongoDB?<\/li>\n<li>\u00bfQu\u00e9 es la sintaxis dot.notation en MongoDB?<\/li>\n<li>\u00bfQu\u00e9 es un documento embebido en un fichero JSON?<\/li>\n<\/ol>\n","protected":false},"excerpt":{"rendered":"<p>\u00a0\u00a0Definid el modelo entidad-relaci\u00f3n en el dise\u00f1o de bases de datos. \u00a0\u00a0Describid las diferencias entre bases de datos y gestores de base de datos. \u00a0\u00a0Describid qu\u00e9 es una tabla en el modelo relacional. \u00a0\u00a0\u00bfQu\u00e9 son las claves primarias? \u00a0\u00a0\u00bfQu\u00e9 son las claves for\u00e1neas? \u00a0 Definid qu\u00e9 es una relaci\u00f3n 1:N. \u00a0\u00a0Recordad qu\u00e9 s\u00edmbolo deb\u00e9is emplear [&hellip;]<\/p>\n","protected":false},"author":1,"featured_media":0,"parent":0,"menu_order":0,"comment_status":"closed","ping_status":"closed","template":"","meta":[],"acf":[],"_links":{"self":[{"href":"http:\/\/eines-informatiques.recursos.uoc.edu\/gestion-de-datos\/es\/wp-json\/wp\/v2\/pages\/410"}],"collection":[{"href":"http:\/\/eines-informatiques.recursos.uoc.edu\/gestion-de-datos\/es\/wp-json\/wp\/v2\/pages"}],"about":[{"href":"http:\/\/eines-informatiques.recursos.uoc.edu\/gestion-de-datos\/es\/wp-json\/wp\/v2\/types\/page"}],"author":[{"embeddable":true,"href":"http:\/\/eines-informatiques.recursos.uoc.edu\/gestion-de-datos\/es\/wp-json\/wp\/v2\/users\/1"}],"replies":[{"embeddable":true,"href":"http:\/\/eines-informatiques.recursos.uoc.edu\/gestion-de-datos\/es\/wp-json\/wp\/v2\/comments?post=410"}],"version-history":[{"count":4,"href":"http:\/\/eines-informatiques.recursos.uoc.edu\/gestion-de-datos\/es\/wp-json\/wp\/v2\/pages\/410\/revisions"}],"predecessor-version":[{"id":454,"href":"http:\/\/eines-informatiques.recursos.uoc.edu\/gestion-de-datos\/es\/wp-json\/wp\/v2\/pages\/410\/revisions\/454"}],"wp:attachment":[{"href":"http:\/\/eines-informatiques.recursos.uoc.edu\/gestion-de-datos\/es\/wp-json\/wp\/v2\/media?parent=410"}],"curies":[{"name":"wp","href":"https:\/\/api.w.org\/{rel}","templated":true}]}}