{"id":389,"date":"2023-09-04T11:02:34","date_gmt":"2023-09-04T09:02:34","guid":{"rendered":"http:\/\/eines-informatiques.recursos.uoc.edu\/gestion-de-datos\/?page_id=389"},"modified":"2025-07-26T18:00:45","modified_gmt":"2025-07-26T16:00:45","slug":"2-8-eliminar-documentos","status":"publish","type":"page","link":"http:\/\/eines-informatiques.recursos.uoc.edu\/gestion-de-datos\/es\/2-8-eliminar-documentos\/","title":{"rendered":"2.8. Eliminar documentos"},"content":{"rendered":"<p>Veamos ahora c\u00f3mo podemos eliminar un documento de la colecci\u00f3n con la funci\u00f3n <code>remove()<\/code>.<\/p>\n<p>Eliminamos de la colecci\u00f3n el documento con el nombre de gen <strong>uc001aaa.3<\/strong><\/p>\n<pre class=\"EnlighterJSRAW\" data-enlighter-language=\"mariadb\" data-enlighter-theme=\"mowtwo\">db.chr1.remove( { \"name\" : \"uc001aaa.3\"});<\/pre>\n<p>Y comprobamos si el documento se ha eliminado:<\/p>\n<pre class=\"EnlighterJSRAW\" data-enlighter-language=\"mariadb\" data-enlighter-theme=\"mowtwo\">db.chr1.find().pretty();\u00a0\r\n<\/pre>\n<pre class=\"EnlighterJSRAW\" data-enlighter-language=\"mariadb\" data-enlighter-theme=\"mowtwo\">&gt; db.chr1.remove( { \"name\" : \"uc001aaa.3\"});\r\nWriteResult({ \"nRemoved\" : 1 })\r\n&gt; db.chr1.find().pretty();\r\n{\r\n        \"_id\" : ObjectId(\"6487c410235597cf4bc92782\"),\r\n        \"name\" : \"uc010nxr.1\",\r\n        \"chrom\" : \"chr1\",\r\n        \"strand\" : \"+\",\r\n        \"txStart\" : 11873,\r\n        \"txEnd\" : 14409,\r\n        \"cdsStart\" : 11873,\r\n        \"cdsEnd\" : 11873,\r\n        \"exonCount\" : 3,\r\n        \"exonStarts\" : \"11873,12645,13220,\",\r\n        \"exonEnds\" : \"12227,12697,14409,\",\r\n        \"proteinID\" : \"\",\r\n        \"alignID\" : \"uc010nxr.1\"\r\n}\r\n{\r\n        \"_id\" : ObjectId(\"6487c41c235597cf4bc92783\"),\r\n        \"name\" : \"uc009vit.3\",\r\n        \"chrom\" : \"chr1\",\r\n        \"strand\" : \"-\",\r\n        \"txStart\" : 14361,\r\n        \"txEnd\" : 19759,\r\n        \"cdsStart\" : 14361,\r\n        \"cdsEnd\" : 14361,\r\n        \"exonCount\" : 9,\r\n        \"exonStarts\" : \"14361,14969,15795,16606,16857,17232,17914,18267,18912,\",\r\n        \"exonEnds\" : \"14829,15038,15947,16765,17055,17742,18061,18366,19759,\",\r\n        \"proteinID\" : \"\",\r\n        \"alignID\" : \"uc009vit.3\"\r\n}<\/pre>\n<p>Ahora vamos a eliminar toda la colecci\u00f3n con el comando <code>drop<\/code><\/p>\n<pre class=\"EnlighterJSRAW\" data-enlighter-language=\"mariadb\" data-enlighter-theme=\"mowtwo\">db.dropDatabase();<\/pre>\n","protected":false},"excerpt":{"rendered":"<p>Veamos ahora c\u00f3mo podemos eliminar un documento de la colecci\u00f3n con la funci\u00f3n remove(). Eliminamos de la colecci\u00f3n el documento con el nombre de gen uc001aaa.3 db.chr1.remove( { \u00abname\u00bb : \u00abuc001aaa.3\u00bb}); Y comprobamos si el documento se ha eliminado: db.chr1.find().pretty();\u00a0 &gt; db.chr1.remove( { \u00abname\u00bb : \u00abuc001aaa.3\u00bb}); WriteResult({ \u00abnRemoved\u00bb : 1 }) &gt; db.chr1.find().pretty(); { \u00ab_id\u00bb [&hellip;]<\/p>\n","protected":false},"author":1,"featured_media":0,"parent":0,"menu_order":0,"comment_status":"closed","ping_status":"closed","template":"","meta":[],"acf":[],"_links":{"self":[{"href":"http:\/\/eines-informatiques.recursos.uoc.edu\/gestion-de-datos\/es\/wp-json\/wp\/v2\/pages\/389"}],"collection":[{"href":"http:\/\/eines-informatiques.recursos.uoc.edu\/gestion-de-datos\/es\/wp-json\/wp\/v2\/pages"}],"about":[{"href":"http:\/\/eines-informatiques.recursos.uoc.edu\/gestion-de-datos\/es\/wp-json\/wp\/v2\/types\/page"}],"author":[{"embeddable":true,"href":"http:\/\/eines-informatiques.recursos.uoc.edu\/gestion-de-datos\/es\/wp-json\/wp\/v2\/users\/1"}],"replies":[{"embeddable":true,"href":"http:\/\/eines-informatiques.recursos.uoc.edu\/gestion-de-datos\/es\/wp-json\/wp\/v2\/comments?post=389"}],"version-history":[{"count":6,"href":"http:\/\/eines-informatiques.recursos.uoc.edu\/gestion-de-datos\/es\/wp-json\/wp\/v2\/pages\/389\/revisions"}],"predecessor-version":[{"id":1053,"href":"http:\/\/eines-informatiques.recursos.uoc.edu\/gestion-de-datos\/es\/wp-json\/wp\/v2\/pages\/389\/revisions\/1053"}],"wp:attachment":[{"href":"http:\/\/eines-informatiques.recursos.uoc.edu\/gestion-de-datos\/es\/wp-json\/wp\/v2\/media?parent=389"}],"curies":[{"name":"wp","href":"https:\/\/api.w.org\/{rel}","templated":true}]}}