{"id":359,"date":"2023-09-04T08:24:46","date_gmt":"2023-09-04T06:24:46","guid":{"rendered":"http:\/\/eines-informatiques.recursos.uoc.edu\/gestion-de-datos\/?page_id=359"},"modified":"2023-09-04T12:18:27","modified_gmt":"2023-09-04T10:18:27","slug":"2-1-introduccion","status":"publish","type":"page","link":"http:\/\/eines-informatiques.recursos.uoc.edu\/gestion-de-datos\/es\/2-1-introduccion\/","title":{"rendered":"2.1. Introducci\u00f3n"},"content":{"rendered":"<p>Las bases de datos relacionales son muy eficientes y mantienen la integridad de los datos, pero tienen limitaciones para gestionar con rapidez grandes vol\u00famenes de informaci\u00f3n.<\/p>\n<p>Las bases de datos relacionales escalan de forma vertical. Para crecer necesitan que los servidores tengan m\u00e1s capacidad.<\/p>\n<p>MySQL es uno de los SGBD m\u00e1s utilizados para proyectos web, pero las nuevas aplicaciones web se caracterizan por tener que gestionar un inmenso volumen de informaci\u00f3n y gran cantidad de datos.<\/p>\n<p>Para afrontar este nuevo reto de gesti\u00f3n de los datos, aparecieron las bases de datos no relacionales, conocidas tambi\u00e9n como NoSQL o Not Only SQL, y llamadas as\u00ed porque no dependen \u00fanicamente del lenguaje estructurado SQL.<\/p>\n<p>Las bases de datos no relacionales pueden escalar de forma horizontal, permiten la distribuci\u00f3n de los procesos de trabajo y conjuntos de datos en m\u00faltiples servidores. De esta forma es posible que la escalabilidad de estas bases de datos sea pr\u00e1cticamente ilimitada.<\/p>\n<p>Las bases de datos NoSQL se clasifican como de clave\/valor, orientadas a documentos, grafos, o de familias de columnas.<\/p>\n<p>En este m\u00f3dulo nos centraremos en las bases de datos no relacionales orientadas a documentos, concretamente a documentos en formato JSON.<\/p>\n","protected":false},"excerpt":{"rendered":"<p>Las bases de datos relacionales son muy eficientes y mantienen la integridad de los datos, pero tienen limitaciones para gestionar con rapidez grandes vol\u00famenes de informaci\u00f3n. Las bases de datos relacionales escalan de forma vertical. Para crecer necesitan que los servidores tengan m\u00e1s capacidad. MySQL es uno de los SGBD m\u00e1s utilizados para proyectos web, [&hellip;]<\/p>\n","protected":false},"author":1,"featured_media":0,"parent":0,"menu_order":0,"comment_status":"closed","ping_status":"closed","template":"","meta":[],"acf":[],"_links":{"self":[{"href":"http:\/\/eines-informatiques.recursos.uoc.edu\/gestion-de-datos\/es\/wp-json\/wp\/v2\/pages\/359"}],"collection":[{"href":"http:\/\/eines-informatiques.recursos.uoc.edu\/gestion-de-datos\/es\/wp-json\/wp\/v2\/pages"}],"about":[{"href":"http:\/\/eines-informatiques.recursos.uoc.edu\/gestion-de-datos\/es\/wp-json\/wp\/v2\/types\/page"}],"author":[{"embeddable":true,"href":"http:\/\/eines-informatiques.recursos.uoc.edu\/gestion-de-datos\/es\/wp-json\/wp\/v2\/users\/1"}],"replies":[{"embeddable":true,"href":"http:\/\/eines-informatiques.recursos.uoc.edu\/gestion-de-datos\/es\/wp-json\/wp\/v2\/comments?post=359"}],"version-history":[{"count":1,"href":"http:\/\/eines-informatiques.recursos.uoc.edu\/gestion-de-datos\/es\/wp-json\/wp\/v2\/pages\/359\/revisions"}],"predecessor-version":[{"id":360,"href":"http:\/\/eines-informatiques.recursos.uoc.edu\/gestion-de-datos\/es\/wp-json\/wp\/v2\/pages\/359\/revisions\/360"}],"wp:attachment":[{"href":"http:\/\/eines-informatiques.recursos.uoc.edu\/gestion-de-datos\/es\/wp-json\/wp\/v2\/media?parent=359"}],"curies":[{"name":"wp","href":"https:\/\/api.w.org\/{rel}","templated":true}]}}