{"id":43,"date":"2023-08-10T09:56:39","date_gmt":"2023-08-10T07:56:39","guid":{"rendered":"http:\/\/eines-informatiques.recursos.uoc.edu\/?page_id=43"},"modified":"2023-08-10T09:59:57","modified_gmt":"2023-08-10T07:59:57","slug":"objetivos","status":"publish","type":"page","link":"http:\/\/eines-informatiques.recursos.uoc.edu\/es\/objetivos\/","title":{"rendered":"Objetivos"},"content":{"rendered":"<p>Con el programa de contenidos de estos materiales, una vez finalizada la etapa de aprendizaje, el estudiante ser\u00e1 capaz de realizar la mayor parte de las actividades b\u00e1sicas habituales en un laboratorio bioinform\u00e1tico de investigaci\u00f3n:<\/p>\n<ol>\n<li>\u00a0\u00a0Dominar el manejo elemental de los entornos de trabajo Linux.<\/li>\n<li>\u00a0\u00a0Utilizar el terminal de comandos para el an\u00e1lisis de datos biol\u00f3gicos.<\/li>\n<li>\u00a0\u00a0Gestionar la informaci\u00f3n de los genomas con bases de datos y MySQL.<\/li>\n<li>\u00a0\u00a0Publicar resultados en la red mediante p\u00e1ginas web.<\/li>\n<li>\u00a0\u00a0Elaborar servidores de datos para aplicaciones bioinform\u00e1ticas en Internet.<\/li>\n<\/ol>\n","protected":false},"excerpt":{"rendered":"<p>Con el programa de contenidos de estos materiales, una vez finalizada la etapa de aprendizaje, el estudiante ser\u00e1 capaz de realizar la mayor parte de las actividades b\u00e1sicas habituales en un laboratorio bioinform\u00e1tico de investigaci\u00f3n: \u00a0\u00a0Dominar el manejo elemental de los entornos de trabajo Linux. \u00a0\u00a0Utilizar el terminal de comandos para el an\u00e1lisis de datos [&hellip;]<\/p>\n","protected":false},"author":1,"featured_media":0,"parent":0,"menu_order":0,"comment_status":"closed","ping_status":"closed","template":"","meta":[],"acf":[],"_links":{"self":[{"href":"http:\/\/eines-informatiques.recursos.uoc.edu\/es\/wp-json\/wp\/v2\/pages\/43"}],"collection":[{"href":"http:\/\/eines-informatiques.recursos.uoc.edu\/es\/wp-json\/wp\/v2\/pages"}],"about":[{"href":"http:\/\/eines-informatiques.recursos.uoc.edu\/es\/wp-json\/wp\/v2\/types\/page"}],"author":[{"embeddable":true,"href":"http:\/\/eines-informatiques.recursos.uoc.edu\/es\/wp-json\/wp\/v2\/users\/1"}],"replies":[{"embeddable":true,"href":"http:\/\/eines-informatiques.recursos.uoc.edu\/es\/wp-json\/wp\/v2\/comments?post=43"}],"version-history":[{"count":1,"href":"http:\/\/eines-informatiques.recursos.uoc.edu\/es\/wp-json\/wp\/v2\/pages\/43\/revisions"}],"predecessor-version":[{"id":44,"href":"http:\/\/eines-informatiques.recursos.uoc.edu\/es\/wp-json\/wp\/v2\/pages\/43\/revisions\/44"}],"wp:attachment":[{"href":"http:\/\/eines-informatiques.recursos.uoc.edu\/es\/wp-json\/wp\/v2\/media?parent=43"}],"curies":[{"name":"wp","href":"https:\/\/api.w.org\/{rel}","templated":true}]}}