{"id":295,"date":"2023-10-10T11:13:02","date_gmt":"2023-10-10T09:13:02","guid":{"rendered":"http:\/\/eines-informatiques.recursos.uoc.edu\/entornos-y-contenedores\/?page_id=295"},"modified":"2025-02-11T14:33:19","modified_gmt":"2025-02-11T12:33:19","slug":"2-8-reanomenar-imatges","status":"publish","type":"page","link":"http:\/\/eines-informatiques.recursos.uoc.edu\/entornos-y-contenedores\/2-8-reanomenar-imatges\/","title":{"rendered":"2.8. Reanomenar imatges"},"content":{"rendered":"<p>En realitat, el que crearem \u00e9s una c\u00f2pia d\u2019una imatge amb un nom nou. Per aix\u00f2, farem:<\/p>\n<pre class=\"EnlighterJSRAW\" data-enlighter-language=\"bash\" data-enlighter-theme=\"mowtwo\">$ docker image tag uoc\/numpy uoc\/alpine-numpy<\/pre>\n<p>Si la imatge \u00e9s susceptible d&#8217;evolucionar, \u00e9s important mantenir una numeraci\u00f3 en els seus <em>tags<\/em>, com hem vist a Docker Hub:<\/p>\n<pre class=\"EnlighterJSRAW\" data-enlighter-language=\"bash\" data-enlighter-theme=\"mowtwo\">$ docker image tag uoc\/alpine-numpy uoc\/alpine-numpy:1.0.0<\/pre>\n<p>Si ara mireu les imatges que teniu creades, podreu veure que a la columna <em>tag <\/em>tindreu la versi\u00f3 que hem creat ara i la <em><code>latest<\/code><\/em>, que \u00e9s per defecte, si no se n\u2019especifica un altre.<\/p>\n<div class=\"tabletitle\"><p>Taula 4.<\/p>\n<\/div>\n<table width=\"642\">\n<tbody>\n<tr class=\"table-header\">\n<td width=\"128\"><strong>REPOSITORY\u00a0\u00a0\u00a0\u00a0\u00a0\u00a0\u00a0 <\/strong><\/td>\n<td width=\"128\"><strong>TAG<\/strong><\/td>\n<td width=\"128\"><strong>IMAGE ID\u00a0\u00a0\u00a0\u00a0\u00a0 <\/strong><\/td>\n<td width=\"128\"><strong>CREATED\u00a0\u00a0\u00a0\u00a0\u00a0\u00a0\u00a0 <\/strong><\/td>\n<td width=\"128\"><strong>SIZE<\/strong><\/td>\n<\/tr>\n<tr>\n<td width=\"128\">uoc\/numpy<\/td>\n<td width=\"128\">1.0.0<\/td>\n<td width=\"128\">af1700de32cb<\/td>\n<td width=\"128\">25 minutes ago<\/td>\n<td width=\"128\">588MB<\/td>\n<\/tr>\n<tr>\n<td width=\"128\">uoc\/numpy<\/td>\n<td width=\"128\">latest<\/td>\n<td width=\"128\">af1700de32cb<\/td>\n<td width=\"128\">25 minutes ago<\/td>\n<td width=\"128\">588MB<\/td>\n<\/tr>\n<\/tbody>\n<\/table>\n<div class=\"tablefooter\"><p>Font: elaboraci\u00f3 pr\u00f2pia.<\/p>\n<\/div>\n","protected":false},"excerpt":{"rendered":"<p>En realitat, el que crearem \u00e9s una c\u00f2pia d\u2019una imatge amb un nom nou. Per aix\u00f2, farem: $ docker image tag uoc\/numpy uoc\/alpine-numpy Si la imatge \u00e9s susceptible d&#8217;evolucionar, \u00e9s important mantenir una numeraci\u00f3 en els seus tags, com hem vist a Docker Hub: $ docker image tag uoc\/alpine-numpy uoc\/alpine-numpy:1.0.0 Si ara mireu les imatges [&hellip;]<\/p>\n","protected":false},"author":1,"featured_media":0,"parent":0,"menu_order":0,"comment_status":"closed","ping_status":"closed","template":"","meta":[],"acf":[],"_links":{"self":[{"href":"http:\/\/eines-informatiques.recursos.uoc.edu\/entornos-y-contenedores\/wp-json\/wp\/v2\/pages\/295"}],"collection":[{"href":"http:\/\/eines-informatiques.recursos.uoc.edu\/entornos-y-contenedores\/wp-json\/wp\/v2\/pages"}],"about":[{"href":"http:\/\/eines-informatiques.recursos.uoc.edu\/entornos-y-contenedores\/wp-json\/wp\/v2\/types\/page"}],"author":[{"embeddable":true,"href":"http:\/\/eines-informatiques.recursos.uoc.edu\/entornos-y-contenedores\/wp-json\/wp\/v2\/users\/1"}],"replies":[{"embeddable":true,"href":"http:\/\/eines-informatiques.recursos.uoc.edu\/entornos-y-contenedores\/wp-json\/wp\/v2\/comments?post=295"}],"version-history":[{"count":6,"href":"http:\/\/eines-informatiques.recursos.uoc.edu\/entornos-y-contenedores\/wp-json\/wp\/v2\/pages\/295\/revisions"}],"predecessor-version":[{"id":452,"href":"http:\/\/eines-informatiques.recursos.uoc.edu\/entornos-y-contenedores\/wp-json\/wp\/v2\/pages\/295\/revisions\/452"}],"wp:attachment":[{"href":"http:\/\/eines-informatiques.recursos.uoc.edu\/entornos-y-contenedores\/wp-json\/wp\/v2\/media?parent=295"}],"curies":[{"name":"wp","href":"https:\/\/api.w.org\/{rel}","templated":true}]}}