{"id":231,"date":"2023-10-10T09:29:20","date_gmt":"2023-10-10T07:29:20","guid":{"rendered":"http:\/\/eines-informatiques.recursos.uoc.edu\/entornos-y-contenedores\/?page_id=231"},"modified":"2025-02-11T14:16:31","modified_gmt":"2025-02-11T12:16:31","slug":"1-5-activar-entorns-conda","status":"publish","type":"page","link":"http:\/\/eines-informatiques.recursos.uoc.edu\/entornos-y-contenedores\/1-5-activar-entorns-conda\/","title":{"rendered":"1.5. Activar entorns Conda"},"content":{"rendered":"<p>Un cop hem creat el nostre primer entorn Conda \u00e9s hora d\u2019utilitzar-lo. Per obtenir un llistat dels entorns que tenim en el nostre sistema utilitzarem l\u2019ordre <code>env list<\/code>:<\/p>\n<pre class=\"EnlighterJSRAW\" data-enlighter-language=\"bash\" data-enlighter-theme=\"mowtwo\">$ conda env list<\/pre>\n<p>Observareu que a m\u00e9s del nostre entorn <code>numpy1-23-5<\/code> i\u00a0<code>basic-analisis<\/code> tenim l\u2019entorn <strong>base<\/strong>, que com us havia comentat anteriorment est\u00e0 definit per defecte. \u00c9s recomanable no instal\u00b7lar <em>software <\/em>en aquest entorn.<\/p>\n<p>Per poder utilitzar un dels entorns l\u2019hem d\u2019activar:<\/p>\n<pre class=\"EnlighterJSRAW\" data-enlighter-language=\"bash\" data-enlighter-theme=\"mowtwo\">$ conda activate numpy1-23-5<\/pre>\n<p>Sabrem que l\u2019entorn s\u2019ha activat, ja que apareixer\u00e0 el seu nom entre par\u00e8ntesis davant de la l\u00ednia d\u2019ordres.<\/p>\n","protected":false},"excerpt":{"rendered":"<p>Un cop hem creat el nostre primer entorn Conda \u00e9s hora d\u2019utilitzar-lo. Per obtenir un llistat dels entorns que tenim en el nostre sistema utilitzarem l\u2019ordre env list: $ conda env list Observareu que a m\u00e9s del nostre entorn numpy1-23-5 i\u00a0basic-analisis tenim l\u2019entorn base, que com us havia comentat anteriorment est\u00e0 definit per defecte. \u00c9s [&hellip;]<\/p>\n","protected":false},"author":1,"featured_media":0,"parent":0,"menu_order":0,"comment_status":"closed","ping_status":"closed","template":"","meta":[],"acf":[],"_links":{"self":[{"href":"http:\/\/eines-informatiques.recursos.uoc.edu\/entornos-y-contenedores\/wp-json\/wp\/v2\/pages\/231"}],"collection":[{"href":"http:\/\/eines-informatiques.recursos.uoc.edu\/entornos-y-contenedores\/wp-json\/wp\/v2\/pages"}],"about":[{"href":"http:\/\/eines-informatiques.recursos.uoc.edu\/entornos-y-contenedores\/wp-json\/wp\/v2\/types\/page"}],"author":[{"embeddable":true,"href":"http:\/\/eines-informatiques.recursos.uoc.edu\/entornos-y-contenedores\/wp-json\/wp\/v2\/users\/1"}],"replies":[{"embeddable":true,"href":"http:\/\/eines-informatiques.recursos.uoc.edu\/entornos-y-contenedores\/wp-json\/wp\/v2\/comments?post=231"}],"version-history":[{"count":4,"href":"http:\/\/eines-informatiques.recursos.uoc.edu\/entornos-y-contenedores\/wp-json\/wp\/v2\/pages\/231\/revisions"}],"predecessor-version":[{"id":440,"href":"http:\/\/eines-informatiques.recursos.uoc.edu\/entornos-y-contenedores\/wp-json\/wp\/v2\/pages\/231\/revisions\/440"}],"wp:attachment":[{"href":"http:\/\/eines-informatiques.recursos.uoc.edu\/entornos-y-contenedores\/wp-json\/wp\/v2\/media?parent=231"}],"curies":[{"name":"wp","href":"https:\/\/api.w.org\/{rel}","templated":true}]}}