{"id":217,"date":"2023-10-10T09:07:51","date_gmt":"2023-10-10T07:07:51","guid":{"rendered":"http:\/\/eines-informatiques.recursos.uoc.edu\/entornos-y-contenedores\/?page_id=217"},"modified":"2023-10-13T11:20:57","modified_gmt":"2023-10-13T09:20:57","slug":"1-2-que-son-paquets-i-canals-a-conda","status":"publish","type":"page","link":"http:\/\/eines-informatiques.recursos.uoc.edu\/entornos-y-contenedores\/1-2-que-son-paquets-i-canals-a-conda\/","title":{"rendered":"1.2. Qu\u00e8 s\u00f3n paquets i canals a Conda?"},"content":{"rendered":"<p>Un paquet \u00e9s un arxiu comprimit, sigui un tar (.tar.bz2) o un .conda, que cont\u00e9:<\/p>\n<ul>\n<li>Llibreries de sistema.<\/li>\n<li>Python i altres m\u00f2duls.<\/li>\n<li>Executables i altres components.<\/li>\n<li>Metadates en el directori info\/.<\/li>\n<li>Una col\u00b7lecci\u00f3 de fitxers que s\u2019instal\u00b7len directament.<\/li>\n<\/ul>\n<p>Un paquet no necess\u00e0riament ha de contenir tots aquests elements; per exemple, un paquet que \u00fanicament cont\u00e9 metadades es denomina <em>metapackage<\/em>. Podeu trobar un llistat dels paquets que gestiona Conda a <a href=\"https:\/\/anaconda.org\/\" target=\"_blank\" rel=\"noopener\">https:\/\/anaconda.org\/<\/a> per a la seva instal\u00b7laci\u00f3.<\/p>\n<p>Quan vulguem instal\u00b7lar un paquet en un entorn Conda haurem de saber on localitzar-lo, i aquesta \u00e9s la funci\u00f3 dels canals. Els canals s\u00f3n URLs que ens dirigeixen on podem trobar els directoris que contenen les dades dels paquets. En instal\u00b7lar un paquet, l\u2019ordre <code>conda<\/code> busca en un conjunt de canals que t\u00e9 per defecte. Si no s\u2019especifica el contrari, Conda instal\u00b7lar\u00e0 els paquets continguts en aquests canals definits per defecte. A m\u00e9s dels canals per defecte hi ha un altre canal que ostenta un estatus diferencial. Aquest \u00e9s el canal <strong>conda-forge<\/strong>. Aquest canal est\u00e0 administrat per la comunitat i pot tenir alguns avantatges respecte als canals per defecte gestionats per Anaconda Inc., com per exemple que els paquets usualment estan m\u00e9s actualitzats o que alguns paquets no s\u00f3n accessibles des dels canals per defecte. Finalment, cal destacar el canal <strong>bioconda<\/strong>, que se centra en paquets desenvolupats per a la bioinform\u00e0tica.<\/p>\n","protected":false},"excerpt":{"rendered":"<p>Un paquet \u00e9s un arxiu comprimit, sigui un tar (.tar.bz2) o un .conda, que cont\u00e9: Llibreries de sistema. Python i altres m\u00f2duls. Executables i altres components. Metadates en el directori info\/. Una col\u00b7lecci\u00f3 de fitxers que s\u2019instal\u00b7len directament. Un paquet no necess\u00e0riament ha de contenir tots aquests elements; per exemple, un paquet que \u00fanicament cont\u00e9 [&hellip;]<\/p>\n","protected":false},"author":1,"featured_media":0,"parent":0,"menu_order":0,"comment_status":"closed","ping_status":"closed","template":"","meta":[],"acf":[],"_links":{"self":[{"href":"http:\/\/eines-informatiques.recursos.uoc.edu\/entornos-y-contenedores\/wp-json\/wp\/v2\/pages\/217"}],"collection":[{"href":"http:\/\/eines-informatiques.recursos.uoc.edu\/entornos-y-contenedores\/wp-json\/wp\/v2\/pages"}],"about":[{"href":"http:\/\/eines-informatiques.recursos.uoc.edu\/entornos-y-contenedores\/wp-json\/wp\/v2\/types\/page"}],"author":[{"embeddable":true,"href":"http:\/\/eines-informatiques.recursos.uoc.edu\/entornos-y-contenedores\/wp-json\/wp\/v2\/users\/1"}],"replies":[{"embeddable":true,"href":"http:\/\/eines-informatiques.recursos.uoc.edu\/entornos-y-contenedores\/wp-json\/wp\/v2\/comments?post=217"}],"version-history":[{"count":4,"href":"http:\/\/eines-informatiques.recursos.uoc.edu\/entornos-y-contenedores\/wp-json\/wp\/v2\/pages\/217\/revisions"}],"predecessor-version":[{"id":324,"href":"http:\/\/eines-informatiques.recursos.uoc.edu\/entornos-y-contenedores\/wp-json\/wp\/v2\/pages\/217\/revisions\/324"}],"wp:attachment":[{"href":"http:\/\/eines-informatiques.recursos.uoc.edu\/entornos-y-contenedores\/wp-json\/wp\/v2\/media?parent=217"}],"curies":[{"name":"wp","href":"https:\/\/api.w.org\/{rel}","templated":true}]}}