{"id":213,"date":"2023-10-10T09:05:26","date_gmt":"2023-10-10T07:05:26","guid":{"rendered":"http:\/\/eines-informatiques.recursos.uoc.edu\/entornos-y-contenedores\/?page_id=213"},"modified":"2024-09-21T18:04:57","modified_gmt":"2024-09-21T16:04:57","slug":"1-1-introduccio","status":"publish","type":"page","link":"http:\/\/eines-informatiques.recursos.uoc.edu\/entornos-y-contenedores\/1-1-introduccio\/","title":{"rendered":"1.1. Introducci\u00f3"},"content":{"rendered":"<p>Comen\u00e7arem per la creaci\u00f3 d\u2019entorns, i com a exemple utilitzarem Conda. Conda \u00e9s un sistema de gesti\u00f3 de paquets i d\u2019entorns <em>open source<\/em> compatible amb els sistemes operatius Linux, Mac OS i Windows. No requereix privilegis d\u2019administrador per poder-se fer servir.<\/p>\n<p>Tot i que inicialment Conda es va crear per a la gesti\u00f3 de paquets a Python, actualment es poden gestionar paquets creats en diferents llenguatges de programaci\u00f3, com R, Ruby, Scala, Java, JavaScript o C\/C++.<\/p>\n<p>Moltes vegades hi ha confusi\u00f3 entre Conda, MiniConda i Anaconda (figura 1). El nucli del gestor de paquets i entorns \u00e9s Conda, mentre que MiniConda \u00e9s l\u2019instal\u00b7lador m\u00ednim de Conda, a m\u00e9s de combinar Python i uns paquets b\u00e0sics, i Anaconda engloba MiniConda i augmenta el nombre de paquets preinstal\u00b7lats.<\/p>\n<figure id=\"attachment_414\" aria-describedby=\"caption-attachment-414\" style=\"width: 840px\" class=\"wp-caption alignnone\"><img decoding=\"async\" loading=\"lazy\" class=\"size-full wp-image-414\" src=\"\/wp-content\/uploads\/sites\/6\/2024\/09\/image001.png\" alt=\"\" width=\"840\" height=\"381\" srcset=\"\/wp-content\/uploads\/sites\/6\/2024\/09\/image001.png 840w, \/wp-content\/uploads\/sites\/6\/2024\/09\/image001-300x136.png 300w, \/wp-content\/uploads\/sites\/6\/2024\/09\/image001-768x348.png 768w\" sizes=\"(max-width: 840px) 100vw, 840px\" \/><figcaption id=\"caption-attachment-414\" class=\"wp-caption-text\">Figura 1. Esquema de les difer\u00e8ncies entre Conda, MiniConda i Anaconda.<br \/>Font: elaboraci\u00f3 pr\u00f2pia.<\/figcaption><\/figure>\n","protected":false},"excerpt":{"rendered":"<p>Comen\u00e7arem per la creaci\u00f3 d\u2019entorns, i com a exemple utilitzarem Conda. Conda \u00e9s un sistema de gesti\u00f3 de paquets i d\u2019entorns open source compatible amb els sistemes operatius Linux, Mac OS i Windows. No requereix privilegis d\u2019administrador per poder-se fer servir. Tot i que inicialment Conda es va crear per a la gesti\u00f3 de paquets [&hellip;]<\/p>\n","protected":false},"author":1,"featured_media":0,"parent":0,"menu_order":0,"comment_status":"closed","ping_status":"closed","template":"","meta":[],"acf":[],"_links":{"self":[{"href":"http:\/\/eines-informatiques.recursos.uoc.edu\/entornos-y-contenedores\/wp-json\/wp\/v2\/pages\/213"}],"collection":[{"href":"http:\/\/eines-informatiques.recursos.uoc.edu\/entornos-y-contenedores\/wp-json\/wp\/v2\/pages"}],"about":[{"href":"http:\/\/eines-informatiques.recursos.uoc.edu\/entornos-y-contenedores\/wp-json\/wp\/v2\/types\/page"}],"author":[{"embeddable":true,"href":"http:\/\/eines-informatiques.recursos.uoc.edu\/entornos-y-contenedores\/wp-json\/wp\/v2\/users\/1"}],"replies":[{"embeddable":true,"href":"http:\/\/eines-informatiques.recursos.uoc.edu\/entornos-y-contenedores\/wp-json\/wp\/v2\/comments?post=213"}],"version-history":[{"count":4,"href":"http:\/\/eines-informatiques.recursos.uoc.edu\/entornos-y-contenedores\/wp-json\/wp\/v2\/pages\/213\/revisions"}],"predecessor-version":[{"id":417,"href":"http:\/\/eines-informatiques.recursos.uoc.edu\/entornos-y-contenedores\/wp-json\/wp\/v2\/pages\/213\/revisions\/417"}],"wp:attachment":[{"href":"http:\/\/eines-informatiques.recursos.uoc.edu\/entornos-y-contenedores\/wp-json\/wp\/v2\/media?parent=213"}],"curies":[{"name":"wp","href":"https:\/\/api.w.org\/{rel}","templated":true}]}}