{"id":207,"date":"2023-10-10T08:59:48","date_gmt":"2023-10-10T06:59:48","guid":{"rendered":"http:\/\/eines-informatiques.recursos.uoc.edu\/entornos-y-contenedores\/?page_id=207"},"modified":"2024-09-21T18:13:59","modified_gmt":"2024-09-21T16:13:59","slug":"resum","status":"publish","type":"page","link":"http:\/\/eines-informatiques.recursos.uoc.edu\/entornos-y-contenedores\/resum\/","title":{"rendered":"Resum"},"content":{"rendered":"<p>En aquest apartat heu apr\u00e8s com crear i utilitzar entorns Conda i contenidors Docker. Fer servir aquest tipus d\u2019eines \u00e9s molt important en la reproductibilitat de processos i resultats. Tant si hem de compartir el nostre codi amb altres persones com si hem de repetir el mateix procediment amb altres mostres en un futur, \u00e9s crucial poder tenir un seguiment de les eines utilitzades. Aquests procediments milloren la qualitat de la recerca publicada i faciliten el proc\u00e9s de revisi\u00f3 per part d\u2019investigadors externs. Actualment, pr\u00e0cticament tots els programes depenen d\u2019altres paquets de programes, que evolucionen independentment. La modificaci\u00f3 d\u2019una depend\u00e8ncia pot derivar en diferents resultats d\u2019un programa o, fins i tot, al seu mal funcionament. Per aix\u00f2, \u00e9s rellevant mantenir els programes i les seves depend\u00e8ncies tal com es van utilitzar per poder assegurar la correcta reproductibilitat. La utilitzaci\u00f3 de petits entorns i contenidors facilita el manteniment i el replicat de processos. A m\u00e9s, tenir els programes a\u00efllats del sistema general permet la seva eliminaci\u00f3 i actualitzaci\u00f3 d\u2019una manera m\u00e9s senzilla i neta. Alguns programes poden necessitar certes depend\u00e8ncies incompatibles amb altres ja instal\u00b7lades en el sistema i, per aix\u00f2, la creaci\u00f3 d\u2019entorns o la utilitzaci\u00f3 de contenidors facilita el fet de treballar en diferents configuracions dins el mateix sistema.<\/p>\n","protected":false},"excerpt":{"rendered":"<p>En aquest apartat heu apr\u00e8s com crear i utilitzar entorns Conda i contenidors Docker. Fer servir aquest tipus d\u2019eines \u00e9s molt important en la reproductibilitat de processos i resultats. Tant si hem de compartir el nostre codi amb altres persones com si hem de repetir el mateix procediment amb altres mostres en un futur, \u00e9s [&hellip;]<\/p>\n","protected":false},"author":1,"featured_media":0,"parent":0,"menu_order":0,"comment_status":"closed","ping_status":"closed","template":"","meta":[],"acf":[],"_links":{"self":[{"href":"http:\/\/eines-informatiques.recursos.uoc.edu\/entornos-y-contenedores\/wp-json\/wp\/v2\/pages\/207"}],"collection":[{"href":"http:\/\/eines-informatiques.recursos.uoc.edu\/entornos-y-contenedores\/wp-json\/wp\/v2\/pages"}],"about":[{"href":"http:\/\/eines-informatiques.recursos.uoc.edu\/entornos-y-contenedores\/wp-json\/wp\/v2\/types\/page"}],"author":[{"embeddable":true,"href":"http:\/\/eines-informatiques.recursos.uoc.edu\/entornos-y-contenedores\/wp-json\/wp\/v2\/users\/1"}],"replies":[{"embeddable":true,"href":"http:\/\/eines-informatiques.recursos.uoc.edu\/entornos-y-contenedores\/wp-json\/wp\/v2\/comments?post=207"}],"version-history":[{"count":5,"href":"http:\/\/eines-informatiques.recursos.uoc.edu\/entornos-y-contenedores\/wp-json\/wp\/v2\/pages\/207\/revisions"}],"predecessor-version":[{"id":425,"href":"http:\/\/eines-informatiques.recursos.uoc.edu\/entornos-y-contenedores\/wp-json\/wp\/v2\/pages\/207\/revisions\/425"}],"wp:attachment":[{"href":"http:\/\/eines-informatiques.recursos.uoc.edu\/entornos-y-contenedores\/wp-json\/wp\/v2\/media?parent=207"}],"curies":[{"name":"wp","href":"https:\/\/api.w.org\/{rel}","templated":true}]}}