{"id":83,"date":"2023-09-01T12:46:26","date_gmt":"2023-09-01T10:46:26","guid":{"rendered":"http:\/\/eines-informatiques.recursos.uoc.edu\/entornos-y-contenedores\/?page_id=83"},"modified":"2025-03-09T13:11:15","modified_gmt":"2025-03-09T11:11:15","slug":"1-5-activar-entornos-conda","status":"publish","type":"page","link":"http:\/\/eines-informatiques.recursos.uoc.edu\/entornos-y-contenedores\/es\/1-5-activar-entornos-conda\/","title":{"rendered":"1.5. Activar entornos Conda"},"content":{"rendered":"<p>Una vez hemos creado nuestro primer entorno Conda es hora de utilizarlo. Para obtener un listado de los entornos que tenemos en nuestro sistema utilizaremos el comando <code>env list<\/code>:<\/p>\n<pre class=\"EnlighterJSRAW\" data-enlighter-language=\"bash\" data-enlighter-theme=\"mowtwo\">$ conda env list<\/pre>\n<p>Observar\u00e9is que adem\u00e1s de nuestro entorno <code>numpy1-23-5<\/code> y <code>basic-analisis<\/code> tenemos el entorno <strong>base<\/strong>, que como os hab\u00eda comentado anteriormente est\u00e1 definido por defecto. Es recomendable no instalar software en este entorno.<\/p>\n<p>Para poder utilizar uno de los entornos debemos activarlo:<\/p>\n<pre class=\"EnlighterJSRAW\" data-enlighter-language=\"bash\" data-enlighter-theme=\"mowtwo\">$ conda activate numpy1-23-5<\/pre>\n<p>Sabremos que el entorno se ha activado, ya que aparecer\u00e1 su nombre entre par\u00e9ntesis delante de la l\u00ednea de comandos.<\/p>\n","protected":false},"excerpt":{"rendered":"<p>Una vez hemos creado nuestro primer entorno Conda es hora de utilizarlo. Para obtener un listado de los entornos que tenemos en nuestro sistema utilizaremos el comando env list: $ conda env list Observar\u00e9is que adem\u00e1s de nuestro entorno numpy1-23-5 y basic-analisis tenemos el entorno base, que como os hab\u00eda comentado anteriormente est\u00e1 definido por [&hellip;]<\/p>\n","protected":false},"author":1,"featured_media":0,"parent":0,"menu_order":0,"comment_status":"closed","ping_status":"closed","template":"","meta":[],"acf":[],"_links":{"self":[{"href":"http:\/\/eines-informatiques.recursos.uoc.edu\/entornos-y-contenedores\/es\/wp-json\/wp\/v2\/pages\/83"}],"collection":[{"href":"http:\/\/eines-informatiques.recursos.uoc.edu\/entornos-y-contenedores\/es\/wp-json\/wp\/v2\/pages"}],"about":[{"href":"http:\/\/eines-informatiques.recursos.uoc.edu\/entornos-y-contenedores\/es\/wp-json\/wp\/v2\/types\/page"}],"author":[{"embeddable":true,"href":"http:\/\/eines-informatiques.recursos.uoc.edu\/entornos-y-contenedores\/es\/wp-json\/wp\/v2\/users\/1"}],"replies":[{"embeddable":true,"href":"http:\/\/eines-informatiques.recursos.uoc.edu\/entornos-y-contenedores\/es\/wp-json\/wp\/v2\/comments?post=83"}],"version-history":[{"count":4,"href":"http:\/\/eines-informatiques.recursos.uoc.edu\/entornos-y-contenedores\/es\/wp-json\/wp\/v2\/pages\/83\/revisions"}],"predecessor-version":[{"id":458,"href":"http:\/\/eines-informatiques.recursos.uoc.edu\/entornos-y-contenedores\/es\/wp-json\/wp\/v2\/pages\/83\/revisions\/458"}],"wp:attachment":[{"href":"http:\/\/eines-informatiques.recursos.uoc.edu\/entornos-y-contenedores\/es\/wp-json\/wp\/v2\/media?parent=83"}],"curies":[{"name":"wp","href":"https:\/\/api.w.org\/{rel}","templated":true}]}}