{"id":71,"date":"2023-09-01T12:31:22","date_gmt":"2023-09-01T10:31:22","guid":{"rendered":"http:\/\/eines-informatiques.recursos.uoc.edu\/entornos-y-contenedores\/?page_id=71"},"modified":"2023-10-13T11:20:15","modified_gmt":"2023-10-13T09:20:15","slug":"1-2-que-son-paquetes-y-canales-en-conda","status":"publish","type":"page","link":"http:\/\/eines-informatiques.recursos.uoc.edu\/entornos-y-contenedores\/es\/1-2-que-son-paquetes-y-canales-en-conda\/","title":{"rendered":"1.2. \u00bfQu\u00e9 son paquetes y canales en Conda?"},"content":{"rendered":"<p>Un paquete es un archivo comprimido, sea un tar (.tar.bz2) o un .conda, que contiene:<\/p>\n<ul>\n<li>Librer\u00edas de sistema.<\/li>\n<li>Python y otros m\u00f3dulos.<\/li>\n<li>Ejecutables y otros componentes.<\/li>\n<li>Metadatos en el directorio info\/.<\/li>\n<li>Una colecci\u00f3n de ficheros que se instalan directamente.<\/li>\n<\/ul>\n<p>Un paquete no necesariamente ha de contener todos estos elementos; por ejemplo, un paquete que \u00fanicamente contiene metadatos se denomina <em>metapackage<\/em>. Pod\u00e9is encontrar un listado de los paquetes que gestiona Conda en <a href=\"https:\/\/anaconda.org\/\" target=\"_blank\" rel=\"noopener\">https:\/\/anaconda.org\/<\/a> para su instalaci\u00f3n.<\/p>\n<p>Cuando queramos instalar un paquete en un entorno Conda deberemos saber d\u00f3nde localizarlo, y esa es la funci\u00f3n de los canales. Los canales son URLs que nos dirigen a donde podemos encontrar los directorios que contienen los datos de los paquetes. Al instalar un paquete, el comando <code>conda<\/code> busca en un conjunto de canales que tiene por defecto. Si no se especifica lo contrario, Conda instalar\u00e1 los paquetes contenidos en estos canales definidos por defecto. Adem\u00e1s de los canales por defecto, hay otro canal que ostenta un estatus diferencial. Este es el canal <strong>conda-forge<\/strong>. Este canal est\u00e1 administrado por la comunidad y puede tener algunas ventajas respecto a los canales por defecto gestionados por Anaconda Inc., como por ejemplo que los paquetes usualmente est\u00e1n m\u00e1s actualizados o que algunos paquetes no son accesibles desde los canales por defecto. Finalmente, destacar el canal <strong>bioconda<\/strong>, que se centra en paquetes desarrollados espec\u00edficamente para el \u00e1rea de la bioinform\u00e1tica.<\/p>\n","protected":false},"excerpt":{"rendered":"<p>Un paquete es un archivo comprimido, sea un tar (.tar.bz2) o un .conda, que contiene: Librer\u00edas de sistema. Python y otros m\u00f3dulos. Ejecutables y otros componentes. Metadatos en el directorio info\/. Una colecci\u00f3n de ficheros que se instalan directamente. Un paquete no necesariamente ha de contener todos estos elementos; por ejemplo, un paquete que \u00fanicamente [&hellip;]<\/p>\n","protected":false},"author":1,"featured_media":0,"parent":0,"menu_order":0,"comment_status":"closed","ping_status":"closed","template":"","meta":[],"acf":[],"_links":{"self":[{"href":"http:\/\/eines-informatiques.recursos.uoc.edu\/entornos-y-contenedores\/es\/wp-json\/wp\/v2\/pages\/71"}],"collection":[{"href":"http:\/\/eines-informatiques.recursos.uoc.edu\/entornos-y-contenedores\/es\/wp-json\/wp\/v2\/pages"}],"about":[{"href":"http:\/\/eines-informatiques.recursos.uoc.edu\/entornos-y-contenedores\/es\/wp-json\/wp\/v2\/types\/page"}],"author":[{"embeddable":true,"href":"http:\/\/eines-informatiques.recursos.uoc.edu\/entornos-y-contenedores\/es\/wp-json\/wp\/v2\/users\/1"}],"replies":[{"embeddable":true,"href":"http:\/\/eines-informatiques.recursos.uoc.edu\/entornos-y-contenedores\/es\/wp-json\/wp\/v2\/comments?post=71"}],"version-history":[{"count":5,"href":"http:\/\/eines-informatiques.recursos.uoc.edu\/entornos-y-contenedores\/es\/wp-json\/wp\/v2\/pages\/71\/revisions"}],"predecessor-version":[{"id":323,"href":"http:\/\/eines-informatiques.recursos.uoc.edu\/entornos-y-contenedores\/es\/wp-json\/wp\/v2\/pages\/71\/revisions\/323"}],"wp:attachment":[{"href":"http:\/\/eines-informatiques.recursos.uoc.edu\/entornos-y-contenedores\/es\/wp-json\/wp\/v2\/media?parent=71"}],"curies":[{"name":"wp","href":"https:\/\/api.w.org\/{rel}","templated":true}]}}