{"id":56,"date":"2023-09-01T12:29:57","date_gmt":"2023-09-01T10:29:57","guid":{"rendered":"http:\/\/eines-informatiques.recursos.uoc.edu\/entornos-y-contenedores\/?page_id=56"},"modified":"2023-09-22T12:55:57","modified_gmt":"2023-09-22T10:55:57","slug":"1-1-introduccion","status":"publish","type":"page","link":"http:\/\/eines-informatiques.recursos.uoc.edu\/entornos-y-contenedores\/es\/1-1-introduccion\/","title":{"rendered":"1.1. Introducci\u00f3n"},"content":{"rendered":"<p>Empezaremos por la creaci\u00f3n de entornos, y como ejemplo utilizaremos Conda. Conda es un sistema de gesti\u00f3n de paquetes y de entornos <em>open source <\/em>compatible con los sistemas operativos Linux, Mac OS y Windows. No requiere privilegios de administrador para poderse utilizar.<\/p>\n<p>Aunque inicialmente Conda se cre\u00f3 para la gesti\u00f3n de paquetes en Python, actualmente se pueden gestionar paquetes creados en diferentes lenguajes de programaci\u00f3n, como R, Ruby, Scala, Java, JavaScript o C\/C++.<\/p>\n<p>Muchas veces hay confusi\u00f3n entre Conda, MiniConda y Anaconda (figura 1). El n\u00facleo del gestor de paquetes y entornos es Conda, mientras que MiniConda es el instalador m\u00ednimo de Conda, adem\u00e1s de combinar Python y unos paquetes b\u00e1sicos, y Anaconda engloba MiniConda y aumenta el n\u00famero de paquetes preinstalados.<\/p>\n<figure id=\"attachment_59\" aria-describedby=\"caption-attachment-59\" style=\"width: 640px\" class=\"wp-caption alignnone\"><img decoding=\"async\" loading=\"lazy\" class=\"wp-image-59 size-large\" src=\"\/wp-content\/uploads\/sites\/6\/2023\/09\/image001-1024x465.png\" alt=\"\" width=\"640\" height=\"291\" srcset=\"\/wp-content\/uploads\/sites\/6\/2023\/09\/image001-1024x465.png 1024w, \/wp-content\/uploads\/sites\/6\/2023\/09\/image001-300x136.png 300w, \/wp-content\/uploads\/sites\/6\/2023\/09\/image001-768x349.png 768w, \/wp-content\/uploads\/sites\/6\/2023\/09\/image001-1536x697.png 1536w, \/wp-content\/uploads\/sites\/6\/2023\/09\/image001.png 1648w\" sizes=\"(max-width: 640px) 100vw, 640px\" \/><figcaption id=\"caption-attachment-59\" class=\"wp-caption-text\">Figura 1. Esquema de las diferencias entre Conda, MiniConda y Anaconda.<br \/>Fuente: elaboraci\u00f3n propia.<\/figcaption><\/figure>\n<p>&nbsp;<\/p>\n","protected":false},"excerpt":{"rendered":"<p>Empezaremos por la creaci\u00f3n de entornos, y como ejemplo utilizaremos Conda. Conda es un sistema de gesti\u00f3n de paquetes y de entornos open source compatible con los sistemas operativos Linux, Mac OS y Windows. No requiere privilegios de administrador para poderse utilizar. Aunque inicialmente Conda se cre\u00f3 para la gesti\u00f3n de paquetes en Python, actualmente [&hellip;]<\/p>\n","protected":false},"author":1,"featured_media":0,"parent":0,"menu_order":0,"comment_status":"closed","ping_status":"closed","template":"","meta":[],"acf":[],"_links":{"self":[{"href":"http:\/\/eines-informatiques.recursos.uoc.edu\/entornos-y-contenedores\/es\/wp-json\/wp\/v2\/pages\/56"}],"collection":[{"href":"http:\/\/eines-informatiques.recursos.uoc.edu\/entornos-y-contenedores\/es\/wp-json\/wp\/v2\/pages"}],"about":[{"href":"http:\/\/eines-informatiques.recursos.uoc.edu\/entornos-y-contenedores\/es\/wp-json\/wp\/v2\/types\/page"}],"author":[{"embeddable":true,"href":"http:\/\/eines-informatiques.recursos.uoc.edu\/entornos-y-contenedores\/es\/wp-json\/wp\/v2\/users\/1"}],"replies":[{"embeddable":true,"href":"http:\/\/eines-informatiques.recursos.uoc.edu\/entornos-y-contenedores\/es\/wp-json\/wp\/v2\/comments?post=56"}],"version-history":[{"count":4,"href":"http:\/\/eines-informatiques.recursos.uoc.edu\/entornos-y-contenedores\/es\/wp-json\/wp\/v2\/pages\/56\/revisions"}],"predecessor-version":[{"id":178,"href":"http:\/\/eines-informatiques.recursos.uoc.edu\/entornos-y-contenedores\/es\/wp-json\/wp\/v2\/pages\/56\/revisions\/178"}],"wp:attachment":[{"href":"http:\/\/eines-informatiques.recursos.uoc.edu\/entornos-y-contenedores\/es\/wp-json\/wp\/v2\/media?parent=56"}],"curies":[{"name":"wp","href":"https:\/\/api.w.org\/{rel}","templated":true}]}}