{"id":156,"date":"2023-09-01T14:09:15","date_gmt":"2023-09-01T12:09:15","guid":{"rendered":"http:\/\/eines-informatiques.recursos.uoc.edu\/entornos-y-contenedores\/?page_id=156"},"modified":"2023-09-05T12:27:47","modified_gmt":"2023-09-05T10:27:47","slug":"bibliografia","status":"publish","type":"page","link":"http:\/\/eines-informatiques.recursos.uoc.edu\/entornos-y-contenedores\/es\/bibliografia\/","title":{"rendered":"Bibliograf\u00eda"},"content":{"rendered":"<p><strong>Bj\u00f6rn Gr\u00fcning y otros<\/strong> (2018). Practical Computational Reproducibility in the Life Sciences. <em>Cell Systems<\/em>, <em>6<\/em>(6), p. 631-635. <u><a href=\"https:\/\/docs.anaconda.com\/free\/anacondaorg\/user-guide\/\" target=\"_blank\" rel=\"noopener\">https:\/\/docs.anaconda.com\/free\/anacondaorg\/user-guide\/<\/a><\/u><\/p>\n<p><strong>Carole Goble y otros <\/strong>(2020). FAIR Computational Workflows. <em>Data Intelligence,<\/em> 2, p. 108-121.<\/p>\n<p><strong>Mark D. Wilkinson y otros<\/strong> (2016). The FAIR Guiding Principles for Scientific Data Management and Stewardship. <em>Scientific Data<\/em>,\u00a03. 160018<\/p>\n<p><strong>Serghei Mangul y otros<\/strong> (2019). Challenges and Recommendations to Improve the Installability and Archival Stability of Omics Computational Tools. <em>PLoS Biology<\/em>, 17, e3000333.<\/p>\n<p><strong>Sean P. Kane, Karl Matthias<\/strong> (2023). <em>Docker: Up &amp; Running<\/em> (3rd Edition). O\u2019Reilly Media.<\/p>\n<p><strong>Victoria Stodden y otros<\/strong> (2018). An Empirical Analysis of Journal Policy Effectiveness for Computational Reproducibility. <em>Proceedings of the National Academy of <\/em>Sciences, 115, p. 2.584-2.589.<\/p>\n<p><strong>Wade L. Schulz y otros <\/strong>(2016). Use of Application Containers and Workflows for Genomic Data Analysis. <em>Journal of Pathology Informatics<\/em>, <em>7<\/em>(53). <a href=\"https:\/\/doi.org\/10.4103\/2153-3539.197197\" target=\"_blank\" rel=\"noopener\">https:\/\/doi.org\/10.4103\/2153-3539.197197<\/a> (2016).<\/p>\n<p><strong>Yang-Min Kim y otros<\/strong> (2018). Experimenting with Reproducibility: A Case Study of Robustness in Bioinformatics. <em>Gigascience<\/em>, 7, giv077.<\/p>\n<p><strong>Yuxing Yan, James Yan <\/strong>(2018). <em>Hands-On Data Science with Anaconda<\/em>. Packt Publishing <a href=\"https:\/\/docs.docker.com\/\" target=\"_blank\" rel=\"noopener\">https:\/\/docs.docker.com\/<\/a><\/p>\n<p><strong>Zachary D. Stephens y otros<\/strong> (2015). Big Data: Astronomical or Genomical? <em>PLoS Biol<\/em>ogy, <em>13<\/em>, e1002195.<\/p>\n<p>&nbsp;<\/p>\n","protected":false},"excerpt":{"rendered":"<p>Bj\u00f6rn Gr\u00fcning y otros (2018). Practical Computational Reproducibility in the Life Sciences. Cell Systems, 6(6), p. 631-635. https:\/\/docs.anaconda.com\/free\/anacondaorg\/user-guide\/ Carole Goble y otros (2020). FAIR Computational Workflows. Data Intelligence, 2, p. 108-121. Mark D. Wilkinson y otros (2016). The FAIR Guiding Principles for Scientific Data Management and Stewardship. Scientific Data,\u00a03. 160018 Serghei Mangul y otros (2019). [&hellip;]<\/p>\n","protected":false},"author":1,"featured_media":0,"parent":0,"menu_order":0,"comment_status":"closed","ping_status":"closed","template":"","meta":[],"acf":[],"_links":{"self":[{"href":"http:\/\/eines-informatiques.recursos.uoc.edu\/entornos-y-contenedores\/es\/wp-json\/wp\/v2\/pages\/156"}],"collection":[{"href":"http:\/\/eines-informatiques.recursos.uoc.edu\/entornos-y-contenedores\/es\/wp-json\/wp\/v2\/pages"}],"about":[{"href":"http:\/\/eines-informatiques.recursos.uoc.edu\/entornos-y-contenedores\/es\/wp-json\/wp\/v2\/types\/page"}],"author":[{"embeddable":true,"href":"http:\/\/eines-informatiques.recursos.uoc.edu\/entornos-y-contenedores\/es\/wp-json\/wp\/v2\/users\/1"}],"replies":[{"embeddable":true,"href":"http:\/\/eines-informatiques.recursos.uoc.edu\/entornos-y-contenedores\/es\/wp-json\/wp\/v2\/comments?post=156"}],"version-history":[{"count":3,"href":"http:\/\/eines-informatiques.recursos.uoc.edu\/entornos-y-contenedores\/es\/wp-json\/wp\/v2\/pages\/156\/revisions"}],"predecessor-version":[{"id":161,"href":"http:\/\/eines-informatiques.recursos.uoc.edu\/entornos-y-contenedores\/es\/wp-json\/wp\/v2\/pages\/156\/revisions\/161"}],"wp:attachment":[{"href":"http:\/\/eines-informatiques.recursos.uoc.edu\/entornos-y-contenedores\/es\/wp-json\/wp\/v2\/media?parent=156"}],"curies":[{"name":"wp","href":"https:\/\/api.w.org\/{rel}","templated":true}]}}