{"id":152,"date":"2023-09-01T14:07:28","date_gmt":"2023-09-01T12:07:28","guid":{"rendered":"http:\/\/eines-informatiques.recursos.uoc.edu\/entornos-y-contenedores\/?page_id=152"},"modified":"2023-09-01T14:07:28","modified_gmt":"2023-09-01T12:07:28","slug":"actividades","status":"publish","type":"page","link":"http:\/\/eines-informatiques.recursos.uoc.edu\/entornos-y-contenedores\/es\/actividades\/","title":{"rendered":"Actividades"},"content":{"rendered":"<h2>Conda<\/h2>\n<ol>\n<li>Cread un nuevo entorno de nombre \u00abUOC-bioinformatics\u00bb que contenga Python 2.7.<\/li>\n<li>Instalad en este entorno ya creado R y el paquete Tidyverse en su \u00faltima versi\u00f3n.<\/li>\n<li>Enumerad los paquetes instalados en el entorno de la actividad anterior.<\/li>\n<li>Instalad el paquete Scipy en un entorno nuevo a trav\u00e9s del canal Bioconda.<\/li>\n<li>Cread un archivo \u00abenvironment.yml\u00bb de este \u00faltimo entorno.<\/li>\n<\/ol>\n<h2>Docker<\/h2>\n<ol>\n<li>Bajaos la imagen de Ubuntu de Docker Hub, entrad en el contenedor de forma interactiva y determinad la versi\u00f3n de Ubuntu descargada.<\/li>\n<li>Repetid el procedimiento anterior con la versi\u00f3n previa a la <em>latest<\/em>.<\/li>\n<li>Cread un Dockerfile donde a\u00f1ad\u00e1is la \u00faltima versi\u00f3n de R al sistema operativo Centos.<\/li>\n<li>Cread un volumen Docker donde le pod\u00e1is pasar al contenedor un <em>script<\/em> en <em>bash<\/em> que retorne \u00abHello World\u00bb.<\/li>\n<li>Repetid el procedimiento anterior modificando el mensaje a trav\u00e9s del terminal al correr el contenedor y que retorne \u00abHi, I\u2019m back\u00bb.<\/li>\n<\/ol>\n","protected":false},"excerpt":{"rendered":"<p>Conda Cread un nuevo entorno de nombre \u00abUOC-bioinformatics\u00bb que contenga Python 2.7. Instalad en este entorno ya creado R y el paquete Tidyverse en su \u00faltima versi\u00f3n. Enumerad los paquetes instalados en el entorno de la actividad anterior. Instalad el paquete Scipy en un entorno nuevo a trav\u00e9s del canal Bioconda. Cread un archivo \u00abenvironment.yml\u00bb [&hellip;]<\/p>\n","protected":false},"author":1,"featured_media":0,"parent":0,"menu_order":0,"comment_status":"closed","ping_status":"closed","template":"","meta":[],"acf":[],"_links":{"self":[{"href":"http:\/\/eines-informatiques.recursos.uoc.edu\/entornos-y-contenedores\/es\/wp-json\/wp\/v2\/pages\/152"}],"collection":[{"href":"http:\/\/eines-informatiques.recursos.uoc.edu\/entornos-y-contenedores\/es\/wp-json\/wp\/v2\/pages"}],"about":[{"href":"http:\/\/eines-informatiques.recursos.uoc.edu\/entornos-y-contenedores\/es\/wp-json\/wp\/v2\/types\/page"}],"author":[{"embeddable":true,"href":"http:\/\/eines-informatiques.recursos.uoc.edu\/entornos-y-contenedores\/es\/wp-json\/wp\/v2\/users\/1"}],"replies":[{"embeddable":true,"href":"http:\/\/eines-informatiques.recursos.uoc.edu\/entornos-y-contenedores\/es\/wp-json\/wp\/v2\/comments?post=152"}],"version-history":[{"count":1,"href":"http:\/\/eines-informatiques.recursos.uoc.edu\/entornos-y-contenedores\/es\/wp-json\/wp\/v2\/pages\/152\/revisions"}],"predecessor-version":[{"id":154,"href":"http:\/\/eines-informatiques.recursos.uoc.edu\/entornos-y-contenedores\/es\/wp-json\/wp\/v2\/pages\/152\/revisions\/154"}],"wp:attachment":[{"href":"http:\/\/eines-informatiques.recursos.uoc.edu\/entornos-y-contenedores\/es\/wp-json\/wp\/v2\/media?parent=152"}],"curies":[{"name":"wp","href":"https:\/\/api.w.org\/{rel}","templated":true}]}}