{"id":150,"date":"2023-09-01T14:06:08","date_gmt":"2023-09-01T12:06:08","guid":{"rendered":"http:\/\/eines-informatiques.recursos.uoc.edu\/entornos-y-contenedores\/?page_id=150"},"modified":"2023-09-01T14:06:08","modified_gmt":"2023-09-01T12:06:08","slug":"resumen","status":"publish","type":"page","link":"http:\/\/eines-informatiques.recursos.uoc.edu\/entornos-y-contenedores\/es\/resumen\/","title":{"rendered":"Resumen"},"content":{"rendered":"<p>En este apartado hab\u00e9is aprendido c\u00f3mo crear y utilizar entornos Conda y contenedores Docker. Utilizar este tipo de herramientas es muy importante en la reproducibilidad de procesos y resultados. Tanto si has de compartir tu c\u00f3digo con otras personas como si debes repetir el mismo procedimiento con otras muestras en un futuro, es crucial poder tener un seguimiento de las herramientas utilizadas. Estos procedimientos mejoran la calidad de la investigaci\u00f3n publicada y facilitan el proceso de revisi\u00f3n por parte de investigadores externos. Actualmente pr\u00e1cticamente todos los programas dependen de otros paquetes de programas, los cuales evolucionan independientemente. La modificaci\u00f3n de una dependencia puede conllevar a diferentes resultados de un programa o inclusive al mal funcionamiento de este. Por ello es importante mantener los programas y sus dependencias tal y como se utilizaron para poder asegurar la correcta reproducibilidad. La utilizaci\u00f3n de peque\u00f1os entornos y contenedores facilita el mantenimiento y el replicado de procesos. Adem\u00e1s, tener los programas aislados del sistema general permite la eliminaci\u00f3n y actualizaci\u00f3n de estos de una manera m\u00e1s sencilla y limpia. Algunos programas pueden necesitar ciertas dependencias incompatibles con otras ya instaladas en el sistema, y por ello la creaci\u00f3n de entornos o la utilizaci\u00f3n de contenedores facilita el trabajar en distintas configuraciones en el mismo sistema.<\/p>\n","protected":false},"excerpt":{"rendered":"<p>En este apartado hab\u00e9is aprendido c\u00f3mo crear y utilizar entornos Conda y contenedores Docker. Utilizar este tipo de herramientas es muy importante en la reproducibilidad de procesos y resultados. Tanto si has de compartir tu c\u00f3digo con otras personas como si debes repetir el mismo procedimiento con otras muestras en un futuro, es crucial poder [&hellip;]<\/p>\n","protected":false},"author":1,"featured_media":0,"parent":0,"menu_order":0,"comment_status":"closed","ping_status":"closed","template":"","meta":[],"acf":[],"_links":{"self":[{"href":"http:\/\/eines-informatiques.recursos.uoc.edu\/entornos-y-contenedores\/es\/wp-json\/wp\/v2\/pages\/150"}],"collection":[{"href":"http:\/\/eines-informatiques.recursos.uoc.edu\/entornos-y-contenedores\/es\/wp-json\/wp\/v2\/pages"}],"about":[{"href":"http:\/\/eines-informatiques.recursos.uoc.edu\/entornos-y-contenedores\/es\/wp-json\/wp\/v2\/types\/page"}],"author":[{"embeddable":true,"href":"http:\/\/eines-informatiques.recursos.uoc.edu\/entornos-y-contenedores\/es\/wp-json\/wp\/v2\/users\/1"}],"replies":[{"embeddable":true,"href":"http:\/\/eines-informatiques.recursos.uoc.edu\/entornos-y-contenedores\/es\/wp-json\/wp\/v2\/comments?post=150"}],"version-history":[{"count":1,"href":"http:\/\/eines-informatiques.recursos.uoc.edu\/entornos-y-contenedores\/es\/wp-json\/wp\/v2\/pages\/150\/revisions"}],"predecessor-version":[{"id":151,"href":"http:\/\/eines-informatiques.recursos.uoc.edu\/entornos-y-contenedores\/es\/wp-json\/wp\/v2\/pages\/150\/revisions\/151"}],"wp:attachment":[{"href":"http:\/\/eines-informatiques.recursos.uoc.edu\/entornos-y-contenedores\/es\/wp-json\/wp\/v2\/media?parent=150"}],"curies":[{"name":"wp","href":"https:\/\/api.w.org\/{rel}","templated":true}]}}