{"id":112,"date":"2023-09-01T13:14:45","date_gmt":"2023-09-01T11:14:45","guid":{"rendered":"http:\/\/eines-informatiques.recursos.uoc.edu\/entornos-y-contenedores\/?page_id=112"},"modified":"2025-03-09T13:16:10","modified_gmt":"2025-03-09T11:16:10","slug":"2-2-contenedores-docker","status":"publish","type":"page","link":"http:\/\/eines-informatiques.recursos.uoc.edu\/entornos-y-contenedores\/es\/2-2-contenedores-docker\/","title":{"rendered":"2.2. Contenedores Docker"},"content":{"rendered":"<p>En primer lugar, necesitaremos instalar Docker en nuestro ordenador. La forma m\u00e1s sencilla es utilizando Docker Desktop (<a href=\"https:\/\/www.docker.com\/products\/docker-desktop\/\" target=\"_blank\" rel=\"noopener\">https:\/\/www.docker.com\/products\/docker-desktop\/<\/a>).<\/p>\n<p>Para saber que tienes Docker instalado correctamente en el terminal puedes interrogar su versi\u00f3n:<\/p>\n<pre class=\"EnlighterJSRAW\" data-enlighter-language=\"bash\" data-enlighter-theme=\"mowtwo\">$ docker -v<\/pre>\n<p>El <em>output<\/em> te indicar\u00e1 la versi\u00f3n y el <em>build<\/em> que tienes instalados.<\/p>\n<p>Y tambi\u00e9n:<\/p>\n<pre class=\"EnlighterJSRAW\" data-enlighter-language=\"bash\" data-enlighter-theme=\"mowtwo\">$ docker system info<\/pre>\n<p>Si saltase alg\u00fan error se deber\u00eda comprobar que el proceso de instalaci\u00f3n estuviera finalizado correctamente y que Docker Desktop estuviera abierto.<\/p>\n<p>Para crear un contenedor necesitas lo que se denominan im\u00e1genes. Las im\u00e1genes son los moldes de los contenedores, son las recetas\/instrucciones para crear los contenedores.<\/p>\n","protected":false},"excerpt":{"rendered":"<p>En primer lugar, necesitaremos instalar Docker en nuestro ordenador. La forma m\u00e1s sencilla es utilizando Docker Desktop (https:\/\/www.docker.com\/products\/docker-desktop\/). Para saber que tienes Docker instalado correctamente en el terminal puedes interrogar su versi\u00f3n: $ docker -v El output te indicar\u00e1 la versi\u00f3n y el build que tienes instalados. Y tambi\u00e9n: $ docker system info Si saltase [&hellip;]<\/p>\n","protected":false},"author":1,"featured_media":0,"parent":0,"menu_order":0,"comment_status":"closed","ping_status":"closed","template":"","meta":[],"acf":[],"_links":{"self":[{"href":"http:\/\/eines-informatiques.recursos.uoc.edu\/entornos-y-contenedores\/es\/wp-json\/wp\/v2\/pages\/112"}],"collection":[{"href":"http:\/\/eines-informatiques.recursos.uoc.edu\/entornos-y-contenedores\/es\/wp-json\/wp\/v2\/pages"}],"about":[{"href":"http:\/\/eines-informatiques.recursos.uoc.edu\/entornos-y-contenedores\/es\/wp-json\/wp\/v2\/types\/page"}],"author":[{"embeddable":true,"href":"http:\/\/eines-informatiques.recursos.uoc.edu\/entornos-y-contenedores\/es\/wp-json\/wp\/v2\/users\/1"}],"replies":[{"embeddable":true,"href":"http:\/\/eines-informatiques.recursos.uoc.edu\/entornos-y-contenedores\/es\/wp-json\/wp\/v2\/comments?post=112"}],"version-history":[{"count":3,"href":"http:\/\/eines-informatiques.recursos.uoc.edu\/entornos-y-contenedores\/es\/wp-json\/wp\/v2\/pages\/112\/revisions"}],"predecessor-version":[{"id":464,"href":"http:\/\/eines-informatiques.recursos.uoc.edu\/entornos-y-contenedores\/es\/wp-json\/wp\/v2\/pages\/112\/revisions\/464"}],"wp:attachment":[{"href":"http:\/\/eines-informatiques.recursos.uoc.edu\/entornos-y-contenedores\/es\/wp-json\/wp\/v2\/media?parent=112"}],"curies":[{"name":"wp","href":"https:\/\/api.w.org\/{rel}","templated":true}]}}